{"id":1984,"date":"2024-10-29T15:19:48","date_gmt":"2024-10-29T15:19:48","guid":{"rendered":"https:\/\/memoria.escuelateresiana.com\/2024-25\/?page_id=1984"},"modified":"2025-09-11T08:44:19","modified_gmt":"2025-09-11T08:44:19","slug":"curso-superior-identidad-y-mision","status":"publish","type":"page","link":"https:\/\/memoria.escuelateresiana.com\/2024-25\/curso-superior-identidad-y-mision\/","title":{"rendered":"CURSO SUPERIOR IDENTIDAD Y MISI\u00d3N"},"content":{"rendered":"<p>[vc_row css_animation=\u00bb\u00bb row_type=\u00bbrow\u00bb use_row_as_full_screen_section=\u00bbno\u00bb type=\u00bbfull_width\u00bb angled_section=\u00bbno\u00bb text_align=\u00bbleft\u00bb background_image_as_pattern=\u00bbwithout_pattern\u00bb z_index=\u00bb\u00bb][vc_column offset=\u00bbvc_hidden-sm vc_hidden-xs\u00bb][vc_empty_space height=\u00bb200&#8243;][\/vc_column][\/vc_row][vc_row css_animation=\u00bb\u00bb row_type=\u00bbrow\u00bb use_row_as_full_screen_section=\u00bbno\u00bb type=\u00bbfull_width\u00bb angled_section=\u00bbno\u00bb text_align=\u00bbleft\u00bb background_image_as_pattern=\u00bbwithout_pattern\u00bb z_index=\u00bb\u00bb][vc_column][vc_single_image image=\u00bb2198&#8243; img_size=\u00bbfull\u00bb alignment=\u00bbcenter\u00bb qode_css_animation=\u00bb\u00bb][\/vc_column][\/vc_row][vc_row css_animation=\u00bb\u00bb row_type=\u00bbrow\u00bb use_row_as_full_screen_section=\u00bbno\u00bb type=\u00bbgrid\u00bb angled_section=\u00bbno\u00bb text_align=\u00bbleft\u00bb background_image_as_pattern=\u00bbwithout_pattern\u00bb z_index=\u00bb\u00bb][vc_column][vc_empty_space height=\u00bb60&#8243;][vc_column_text]<\/p>\n<h2><strong>CURSO SUPERIOR IDENTIDAD Y MISI\u00d3N \u00a0<\/strong><\/h2>\n<p>[\/vc_column_text][vc_empty_space][\/vc_column][\/vc_row][vc_row css_animation=\u00bb\u00bb row_type=\u00bbrow\u00bb use_row_as_full_screen_section=\u00bbno\u00bb type=\u00bbgrid\u00bb angled_section=\u00bbno\u00bb text_align=\u00bbleft\u00bb background_image_as_pattern=\u00bbwithout_pattern\u00bb z_index=\u00bb\u00bb padding_bottom=\u00bb60&#8243;][vc_column][vc_column_text]Desde nuestro compromiso con la formaci\u00f3n carism\u00e1tica, la Fundaci\u00f3n Escuela Teresiana puso en marcha durante el curso 24-25 el Curso Superior de Identidad y Misi\u00f3n del Educador Teresiano en colaboraci\u00f3n con la Universidad Pontificia de Comillas y la editorial SM.<\/p>\n<p>&nbsp;<\/p>\n<p>Esta propuesta formativa, con una duraci\u00f3n de 150 horas distribuidas a lo largo de dos cursos escolares, nace con la intenci\u00f3n de renovar y consolidar la vinculaci\u00f3n de los educadores con la identidad de la Escuela Teresiana, ofreciendo un itinerario muy completo, que toca lo personal y es profundamente carism\u00e1tico.<\/p>\n<p>&nbsp;<\/p>\n<p>El curso se dirige a educadores que, por su implicaci\u00f3n y trayectoria, est\u00e1n llamados a ser referentes en sus centros, acompa\u00f1ando procesos y transmitiendo con autenticidad y compromiso la esencia del proyecto educativo<br \/>\nteresiano.<\/p>\n<p>&nbsp;<\/p>\n<p>El curso est\u00e1 organizado en diferentes m\u00f3dulos tem\u00e1ticos y propone un proceso de experiencia y crecimiento integral en clave vocacional. La finalidad principal es profundizar en la pedagog\u00eda y la pastoral teresianas, favorecer y reforzar el sentido de pertenencia a la Familia Teresiana e impulsar una actualizaci\u00f3n profunda de la propia vocaci\u00f3n educadora, teniendo en cuenta los desaf\u00edos del contexto actual. En este sentido, se plantean objetivos como profundizar en la identidad de la escuela, afianzar la vinculaci\u00f3n institucional, desarrollar competencias personales y relacionales, y capacitar a los participantes para ser referentes significativos dentro de la comunidad educativa, especialmente para los educadores de nueva incorporaci\u00f3n.<\/p>\n<p>&nbsp;<\/p>\n<p>Cada m\u00f3dulo est\u00e1 cuidadosamente dise\u00f1ado para ofrecer una mirada profunda y actual. Se parte de una comprensi\u00f3n del entorno educativo como espacio complejo y cambiante, lo que permite identificar retos y oportunidades desde una perspectiva cr\u00edtica y creyente. El desarrollo personal y relacional del educador tiene tambi\u00e9n un lugar central, abordando la gesti\u00f3n emocional, la conciencia de uno mismo y la calidad de las relaciones educativas. De forma transversal, el curso invita a vivir la experiencia creyente desde la espiritualidad teresiana, como fuente de sentido, transformaci\u00f3n y misi\u00f3n.<\/p>\n<p>&nbsp;<\/p>\n<p>El proceso termina con un enfoque pr\u00e1ctico en el que los participantes reciben claves y herramientas para acompa\u00f1ar a otros en su identificaci\u00f3n con la misi\u00f3n institucional.<\/p>\n<p>&nbsp;<\/p>\n<p>En la Fundaci\u00f3n Escuela Teresiana, seguimos apostando por la formaci\u00f3n de nuestros educadores. Una formaci\u00f3n que transforma, que pone en el centro la vocaci\u00f3n y que involucra a los educadores para que sientan como suyo, y as\u00ed sepan transmitir a otros, el proyecto educativo teresiano.[\/vc_column_text][vc_empty_space][\/vc_column][\/vc_row]<\/p>\n","protected":false},"excerpt":{"rendered":"<p>[vc_row css_animation=\u00bb\u00bb row_type=\u00bbrow\u00bb use_row_as_full_screen_section=\u00bbno\u00bb type=\u00bbfull_width\u00bb angled_section=\u00bbno\u00bb text_align=\u00bbleft\u00bb background_image_as_pattern=\u00bbwithout_pattern\u00bb z_index=\u00bb\u00bb][vc_column offset=\u00bbvc_hidden-sm vc_hidden-xs\u00bb][vc_empty_space height=\u00bb200&#8243;][\/vc_column][\/vc_row][vc_row css_animation=\u00bb\u00bb row_type=\u00bbrow\u00bb use_row_as_full_screen_section=\u00bbno\u00bb type=\u00bbfull_width\u00bb angled_section=\u00bbno\u00bb text_align=\u00bbleft\u00bb background_image_as_pattern=\u00bbwithout_pattern\u00bb z_index=\u00bb\u00bb][vc_column][vc_single_image image=\u00bb2198&#8243; img_size=\u00bbfull\u00bb alignment=\u00bbcenter\u00bb qode_css_animation=\u00bb\u00bb][\/vc_column][\/vc_row][vc_row css_animation=\u00bb\u00bb row_type=\u00bbrow\u00bb use_row_as_full_screen_section=\u00bbno\u00bb type=\u00bbgrid\u00bb angled_section=\u00bbno\u00bb text_align=\u00bbleft\u00bb background_image_as_pattern=\u00bbwithout_pattern\u00bb z_index=\u00bb\u00bb][vc_column][vc_empty_space height=\u00bb60&#8243;][vc_column_text] CURSO SUPERIOR IDENTIDAD Y MISI\u00d3N \u00a0 [\/vc_column_text][vc_empty_space][\/vc_column][\/vc_row][vc_row css_animation=\u00bb\u00bb row_type=\u00bbrow\u00bb use_row_as_full_screen_section=\u00bbno\u00bb type=\u00bbgrid\u00bb angled_section=\u00bbno\u00bb&#8230;<\/p>\n","protected":false},"author":1,"featured_media":0,"parent":0,"menu_order":0,"comment_status":"closed","ping_status":"closed","template":"full_width.php","meta":{"footnotes":""},"class_list":["post-1984","page","type-page","status-publish","hentry"],"_links":{"self":[{"href":"https:\/\/memoria.escuelateresiana.com\/2024-25\/wp-json\/wp\/v2\/pages\/1984","targetHints":{"allow":["GET"]}}],"collection":[{"href":"https:\/\/memoria.escuelateresiana.com\/2024-25\/wp-json\/wp\/v2\/pages"}],"about":[{"href":"https:\/\/memoria.escuelateresiana.com\/2024-25\/wp-json\/wp\/v2\/types\/page"}],"author":[{"embeddable":true,"href":"https:\/\/memoria.escuelateresiana.com\/2024-25\/wp-json\/wp\/v2\/users\/1"}],"replies":[{"embeddable":true,"href":"https:\/\/memoria.escuelateresiana.com\/2024-25\/wp-json\/wp\/v2\/comments?post=1984"}],"version-history":[{"count":15,"href":"https:\/\/memoria.escuelateresiana.com\/2024-25\/wp-json\/wp\/v2\/pages\/1984\/revisions"}],"predecessor-version":[{"id":2199,"href":"https:\/\/memoria.escuelateresiana.com\/2024-25\/wp-json\/wp\/v2\/pages\/1984\/revisions\/2199"}],"wp:attachment":[{"href":"https:\/\/memoria.escuelateresiana.com\/2024-25\/wp-json\/wp\/v2\/media?parent=1984"}],"curies":[{"name":"wp","href":"https:\/\/api.w.org\/{rel}","templated":true}]}}