{"id":1618,"date":"2023-11-02T13:31:50","date_gmt":"2023-11-02T13:31:50","guid":{"rendered":"https:\/\/escuelateresiana.com\/colegios\/memoria\/?page_id=1618"},"modified":"2025-09-12T06:45:09","modified_gmt":"2025-09-12T06:45:09","slug":"educar-en-la-diversidad-hacia-aulas-inclusivas-con-el-dua-disenar-para-que-todos-aprendan","status":"publish","type":"page","link":"https:\/\/memoria.escuelateresiana.com\/2024-25\/educar-en-la-diversidad-hacia-aulas-inclusivas-con-el-dua-disenar-para-que-todos-aprendan\/","title":{"rendered":"Educar en la diversidad: hacia aulas inclusivas con el DUA\u00bb Dise\u00f1ar para que TODOS APRENDAN"},"content":{"rendered":"<p>[vc_row css_animation=\u00bb\u00bb row_type=\u00bbrow\u00bb use_row_as_full_screen_section=\u00bbno\u00bb type=\u00bbfull_width\u00bb angled_section=\u00bbno\u00bb text_align=\u00bbleft\u00bb background_image_as_pattern=\u00bbwithout_pattern\u00bb][vc_column offset=\u00bbvc_hidden-sm vc_hidden-xs\u00bb][vc_empty_space height=\u00bb200&#8243;][\/vc_column][\/vc_row][vc_row css_animation=\u00bb\u00bb row_type=\u00bbrow\u00bb use_row_as_full_screen_section=\u00bbno\u00bb type=\u00bbfull_width\u00bb angled_section=\u00bbno\u00bb text_align=\u00bbleft\u00bb background_image_as_pattern=\u00bbwithout_pattern\u00bb][vc_column][vc_single_image image=\u00bb2212&#8243; img_size=\u00bbfull\u00bb alignment=\u00bbcenter\u00bb qode_css_animation=\u00bb\u00bb][\/vc_column][\/vc_row][vc_row css_animation=\u00bb\u00bb row_type=\u00bbrow\u00bb use_row_as_full_screen_section=\u00bbno\u00bb type=\u00bbgrid\u00bb angled_section=\u00bbno\u00bb text_align=\u00bbleft\u00bb background_image_as_pattern=\u00bbwithout_pattern\u00bb z_index=\u00bb\u00bb][vc_column][vc_empty_space height=\u00bb60&#8243;][vc_column_text]<\/p>\n<h2><span style=\"color: #23406a;\">Educar en la diversidad: hacia aulas inclusivas con el DUA\u00bb<br \/>\nDise\u00f1ar para que TODOS APRENDAN<br \/>\n<\/span><\/h2>\n<p>[\/vc_column_text][vc_empty_space][\/vc_column][\/vc_row][vc_row css_animation=\u00bb\u00bb row_type=\u00bbrow\u00bb use_row_as_full_screen_section=\u00bbno\u00bb type=\u00bbgrid\u00bb angled_section=\u00bbno\u00bb text_align=\u00bbleft\u00bb background_image_as_pattern=\u00bbwithout_pattern\u00bb z_index=\u00bb\u00bb][vc_column]<div class=\"qode-simple-quote-holder \">\n\t<div class=\"qode-simple-quote-triangle-shadow\">\n\t\t\n\t<\/div>\n\t<div class=\"qode-simple-quote-triangle\" >\n\t\t\n\t<\/div>\n\t<div class=\"qode-simple-quote-holder-inner\" >\n\t\t<div class=\"qode-simple-quote-icon-holder\"  style=\"fill: #45ac34\">\n\t\t\t<svg x=\"0px\" y=\"0px\" width=\"118px\" height=\"97px\" viewBox=\"0 0 118 97\" enable-background=\"new 0 0 118 97\" xml:space=\"preserve\">\n\t\t\t\t<g>\n\t\t\t\t\t<path d=\"M31.1,73.998c5.688-7.111,8.535-14.316,8.535-21.617c0-3.09-0.371-5.751-1.113-7.978c-4.332,3.34-9.031,5.009-14.102,5.009\n\t\t\t\t\t\tc-6.929,0-12.71-2.194-17.349-6.586c-4.639-4.389-6.958-10.298-6.958-17.72c0-6.926,2.348-12.71,7.051-17.349\n\t\t\t\t\t\tc4.7-4.639,10.452-6.958,17.256-6.958c9.77,0,17.256,4.021,22.451,12.061c4.329,6.68,6.494,15.029,6.494,25.049\n\t\t\t\t\t\tc0,12.742-3.247,24.154-9.741,34.234C37.13,82.227,27.325,90.357,14.215,96.541l-3.525-6.865\n\t\t\t\t\t\tC18.604,86.336,25.409,81.113,31.1,73.998z M95.67,73.998c5.688-7.111,8.535-14.316,8.535-21.617c0-3.09-0.371-5.751-1.113-7.978\n\t\t\t\t\t\tc-4.206,3.34-8.906,5.009-14.102,5.009c-6.804,0-12.556-2.194-17.256-6.586c-4.702-4.389-7.051-10.298-7.051-17.72\n\t\t\t\t\t\tc0-4.575,1.113-8.721,3.34-12.432s5.195-6.616,8.906-8.721c3.711-2.102,7.729-3.154,12.061-3.154\n\t\t\t\t\t\tc9.771,0,17.256,4.021,22.451,12.061c4.329,6.68,6.494,15.029,6.494,25.049c0,12.742-3.247,24.154-9.741,34.234\n\t\t\t\t\t\tC101.7,82.227,91.896,90.357,78.785,96.541l-3.525-6.865C83.175,86.336,89.979,81.113,95.67,73.998z\"\/>\n\t\t\t\t<\/g>\n\t\t\t<\/svg>\n\t\t<\/div>\n\t\t<div class=\"qode-simple-quote-content-holder\">\n\t\t\t<div class=\"qode-simple-quote-content-holder-inner\">\n\t\t\t\t<div class=\"qode-simple-quote-text-holder\" >\n\t\t\t\t\t<h5 class=\"qode-simple-quote-text-title\"> \u201cLa atenci\u00f3n a la diversidad es un distintivo de la Escuela Teresiana. Se basa en la inclusi\u00f3n y en la equidad y trata de dar a cada alumno\/a la atenci\u00f3n educativa necesaria para lograr el m\u00e1ximo desarrollo de las capacidades personales.\u201d  <\/h5>\n\t\t\t\t<\/div>\n\t\t\t\t<div class=\"qode-simple-quote-author-holder\">\n\t\t\t\t\t<h6 class=\"qode-simple-quote-author-title\"> Car\u00e1cter Propio. Escuela que opta por la persona. Rasgos de la escuela. P\u00e1gina 22  <\/h6>\n\t\t\t\t<\/div>\n\t\t\t<\/div>\n\t\t<\/div>\n\t<\/div>\n<\/div>[vc_empty_space][\/vc_column][\/vc_row][vc_row css_animation=\u00bb\u00bb row_type=\u00bbrow\u00bb use_row_as_full_screen_section=\u00bbno\u00bb type=\u00bbgrid\u00bb angled_section=\u00bbno\u00bb text_align=\u00bbleft\u00bb background_image_as_pattern=\u00bbwithout_pattern\u00bb z_index=\u00bb\u00bb padding_bottom=\u00bb60&#8243;][vc_column][vc_empty_space][vc_column_text]La Fundaci\u00f3n Escuela Teresiana contin\u00faa avanzando en su compromiso con una educaci\u00f3n inclusiva, equitativa y de calidad. En este marco, durante el curso 24-25 se ha desarrollado una formaci\u00f3n espec\u00edfica sobre el Dise\u00f1o Universal para el Aprendizaje (DUA), dirigida al profesorado de Primaria y Secundaria de nuestros centros, con el objetivo de seguir construyendo escuelas verdaderamente transformadoras.<\/p>\n<p>&nbsp;<\/p>\n<p>La formaci\u00f3n ha partido de una perspectiva fundamentada en la neurociencia, que resalta una idea esencial: cada cerebro es \u00fanico. Esta comprensi\u00f3n lleva a reconocer que la variabilidad humana constituye la norma, no la excepci\u00f3n. Desde este enfoque, surge una pregunta clave: <strong>\u00bfc\u00f3mo se puede responder desde el aula a esta diversidad? <\/strong>La respuesta se orienta hacia un dise\u00f1o educativo que contemple diferentes caminos para aprender, participar y progresar, asegurando as\u00ed una respuesta inclusiva y eficaz para todo el alumnado.<\/p>\n<p>&nbsp;<\/p>\n<p>Durante los encuentros, el profesorado ha tenido la oportunidad de retomar conceptos clave como la inclusi\u00f3n, la participaci\u00f3n y la superaci\u00f3n de barreras en el aprendizaje. Se ha profundizado en los principios del DUA, sus pautas y puntos de verificaci\u00f3n, as\u00ed como en estrategias concretas para planificar desde esta mirada. El objetivo no ha sido solo conocer el marco te\u00f3rico, sino llevarlo a la pr\u00e1ctica: dise\u00f1ar programaciones que respondan a las necesidades de todo el alumnado y permitan su avance real.<\/p>\n<p>&nbsp;<\/p>\n<p>La propuesta formativa se ha estructurado en dos encuentros diferenciados: uno para docentes de Primaria y otro para los de Secundaria. Cada centro particip\u00f3 con dos o tres docentes. Los grupos de trabajo se organizaron\u00a0 por etapas y materias, lo que ha supuesto el intercambio de experiencias y la colaboraci\u00f3n docente.<\/p>\n<p>&nbsp;<\/p>\n<p>El proceso formativo ha incluido una preparaci\u00f3n previa al encuentro con la lectura de art\u00edculos y rutinas de reflexi\u00f3n, y se ha valorado especialmente la participaci\u00f3n activa durante las sesiones.<\/p>\n<p>&nbsp;<\/p>\n<p>La riqueza del proceso ha residido en la dimensi\u00f3n pr\u00e1ctica de la formaci\u00f3n, y se ha llevado a cabo un seguimiento y acompa\u00f1amiento en el dise\u00f1o de una propuesta de planificaci\u00f3n orientada a su implementaci\u00f3n en el aula.<\/p>\n<p>&nbsp;<\/p>\n<p>Esta formaci\u00f3n supone un paso significativo en el camino hacia una educaci\u00f3n m\u00e1s inclusiva. Las escuelas teresianas seguimos apostando por un modelo que pone en el centro a cada alumno\/a, y esta experiencia formativa ha ofrecido herramientas concretas para seguir haciendo realidad ese prop\u00f3sito.[\/vc_column_text][vc_empty_space][\/vc_column][\/vc_row][vc_row css_animation=\u00bb\u00bb row_type=\u00bbrow\u00bb use_row_as_full_screen_section=\u00bbno\u00bb type=\u00bbfull_width\u00bb angled_section=\u00bbno\u00bb text_align=\u00bbleft\u00bb background_image_as_pattern=\u00bbwithout_pattern\u00bb z_index=\u00bb\u00bb][vc_column][vc_gallery type=\u00bbimage_grid\u00bb images=\u00bb2213,2215&#8243; img_size=\u00bbfull\u00bb column_number=\u00bb2&#8243; grayscale=\u00bbno\u00bb images_space=\u00bbgallery_without_space\u00bb][vc_empty_space][\/vc_column][\/vc_row]<\/p>\n","protected":false},"excerpt":{"rendered":"<p>[vc_row css_animation=\u00bb\u00bb row_type=\u00bbrow\u00bb use_row_as_full_screen_section=\u00bbno\u00bb type=\u00bbfull_width\u00bb angled_section=\u00bbno\u00bb text_align=\u00bbleft\u00bb background_image_as_pattern=\u00bbwithout_pattern\u00bb][vc_column offset=\u00bbvc_hidden-sm vc_hidden-xs\u00bb][vc_empty_space height=\u00bb200&#8243;][\/vc_column][\/vc_row][vc_row css_animation=\u00bb\u00bb row_type=\u00bbrow\u00bb use_row_as_full_screen_section=\u00bbno\u00bb type=\u00bbfull_width\u00bb angled_section=\u00bbno\u00bb text_align=\u00bbleft\u00bb background_image_as_pattern=\u00bbwithout_pattern\u00bb][vc_column][vc_single_image image=\u00bb2212&#8243; img_size=\u00bbfull\u00bb alignment=\u00bbcenter\u00bb qode_css_animation=\u00bb\u00bb][\/vc_column][\/vc_row][vc_row css_animation=\u00bb\u00bb row_type=\u00bbrow\u00bb use_row_as_full_screen_section=\u00bbno\u00bb type=\u00bbgrid\u00bb angled_section=\u00bbno\u00bb text_align=\u00bbleft\u00bb background_image_as_pattern=\u00bbwithout_pattern\u00bb z_index=\u00bb\u00bb][vc_column][vc_empty_space height=\u00bb60&#8243;][vc_column_text] Educar en la diversidad: hacia aulas inclusivas con el DUA\u00bb Dise\u00f1ar para que TODOS&#8230;<\/p>\n","protected":false},"author":1,"featured_media":0,"parent":0,"menu_order":0,"comment_status":"closed","ping_status":"closed","template":"full_width.php","meta":{"footnotes":""},"class_list":["post-1618","page","type-page","status-publish","hentry"],"_links":{"self":[{"href":"https:\/\/memoria.escuelateresiana.com\/2024-25\/wp-json\/wp\/v2\/pages\/1618","targetHints":{"allow":["GET"]}}],"collection":[{"href":"https:\/\/memoria.escuelateresiana.com\/2024-25\/wp-json\/wp\/v2\/pages"}],"about":[{"href":"https:\/\/memoria.escuelateresiana.com\/2024-25\/wp-json\/wp\/v2\/types\/page"}],"author":[{"embeddable":true,"href":"https:\/\/memoria.escuelateresiana.com\/2024-25\/wp-json\/wp\/v2\/users\/1"}],"replies":[{"embeddable":true,"href":"https:\/\/memoria.escuelateresiana.com\/2024-25\/wp-json\/wp\/v2\/comments?post=1618"}],"version-history":[{"count":32,"href":"https:\/\/memoria.escuelateresiana.com\/2024-25\/wp-json\/wp\/v2\/pages\/1618\/revisions"}],"predecessor-version":[{"id":1810,"href":"https:\/\/memoria.escuelateresiana.com\/2024-25\/wp-json\/wp\/v2\/pages\/1618\/revisions\/1810"}],"wp:attachment":[{"href":"https:\/\/memoria.escuelateresiana.com\/2024-25\/wp-json\/wp\/v2\/media?parent=1618"}],"curies":[{"name":"wp","href":"https:\/\/api.w.org\/{rel}","templated":true}]}}