{"id":1591,"date":"2023-10-19T07:06:58","date_gmt":"2023-10-19T07:06:58","guid":{"rendered":"https:\/\/escuelateresiana.com\/colegios\/memoria\/?page_id=1591"},"modified":"2025-10-21T09:24:11","modified_gmt":"2025-10-21T09:24:11","slug":"proyectos","status":"publish","type":"page","link":"https:\/\/memoria.escuelateresiana.com\/2024-25\/proyectos\/","title":{"rendered":"Proyectos"},"content":{"rendered":"<p>[vc_row css_animation=\u00bb\u00bb row_type=\u00bbrow\u00bb use_row_as_full_screen_section=\u00bbno\u00bb type=\u00bbfull_width\u00bb angled_section=\u00bbno\u00bb text_align=\u00bbleft\u00bb background_image_as_pattern=\u00bbwithout_pattern\u00bb][vc_column offset=\u00bbvc_hidden-sm vc_hidden-xs\u00bb][vc_empty_space height=\u00bb200&#8243;][\/vc_column][\/vc_row][vc_row css_animation=\u00bb\u00bb row_type=\u00bbrow\u00bb use_row_as_full_screen_section=\u00bbno\u00bb type=\u00bbfull_width\u00bb angled_section=\u00bbno\u00bb text_align=\u00bbleft\u00bb background_image_as_pattern=\u00bbwithout_pattern\u00bb][vc_column][vc_single_image image=\u00bb2256&#8243; img_size=\u00bbfull\u00bb alignment=\u00bbcenter\u00bb qode_css_animation=\u00bb\u00bb][\/vc_column][\/vc_row][vc_row css_animation=\u00bb\u00bb row_type=\u00bbrow\u00bb use_row_as_full_screen_section=\u00bbno\u00bb type=\u00bbfull_width\u00bb angled_section=\u00bbno\u00bb text_align=\u00bbleft\u00bb background_image_as_pattern=\u00bbwithout_pattern\u00bb][vc_column][vc_empty_space height=\u00bb60&#8243;][\/vc_column][\/vc_row][vc_row css_animation=\u00bb\u00bb row_type=\u00bbrow\u00bb use_row_as_full_screen_section=\u00bbno\u00bb type=\u00bbgrid\u00bb angled_section=\u00bbno\u00bb text_align=\u00bbleft\u00bb background_image_as_pattern=\u00bbwithout_pattern\u00bb z_index=\u00bb\u00bb][vc_column][vc_column_text]<\/p>\n<h2><span style=\"color: #23406a;\">OBJETIVO DEL CURSO 2024-2025<\/span><\/h2>\n<p>[\/vc_column_text][vc_empty_space][vc_column_text]<\/p>\n<h4>Nuestro objetivo anual naci\u00f3 del prop\u00f3sito que orienta la planificaci\u00f3n estrat\u00e9gica de la FET para los a\u00f1os 2023-2027:<\/h4>\n<p>[\/vc_column_text][vc_empty_space height=\u00bb20px\u00bb][vc_column_text]<span style=\"color: #45ac34; font-size: 14pt;\">\u201cSer <strong>escuelas del cuidado,<\/strong> que promuevan estructuras de <strong>participaci\u00f3n<\/strong> y el acompa\u00f1amiento de personas y procesos para impulsar la <strong>identificaci\u00f3n<\/strong> con nuestro proyecto educativo teresiano, cuyo perfil de salida es una alternativa para la <strong>transformaci\u00f3n de la sociedad<\/strong>\u201d.<\/span>[\/vc_column_text][vc_empty_space height=\u00bb20px\u00bb][vc_column_text]<\/p>\n<h4>Y se concret\u00f3 en el lema:<\/h4>\n<p>[\/vc_column_text][vc_empty_space height=\u00bb50px\u00bb][vc_row_inner row_type=\u00bbrow\u00bb type=\u00bbfull_width\u00bb text_align=\u00bbleft\u00bb css_animation=\u00bb\u00bb][vc_column_inner][vc_single_image image=\u00bb2132&#8243; img_size=\u00bbfull\u00bb qode_css_animation=\u00bb\u00bb][\/vc_column_inner][\/vc_row_inner][vc_empty_space height=\u00bb50px\u00bb][vc_row_inner row_type=\u00bbrow\u00bb type=\u00bbfull_width\u00bb text_align=\u00bbleft\u00bb css_animation=\u00bb\u00bb][vc_column_inner]<div class=\"qode-simple-quote-holder \">\n\t<div class=\"qode-simple-quote-triangle-shadow\">\n\t\t\n\t<\/div>\n\t<div class=\"qode-simple-quote-triangle\" >\n\t\t\n\t<\/div>\n\t<div class=\"qode-simple-quote-holder-inner\" >\n\t\t<div class=\"qode-simple-quote-icon-holder\"  style=\"fill: #45ac34\">\n\t\t\t<svg x=\"0px\" y=\"0px\" width=\"118px\" height=\"97px\" viewBox=\"0 0 118 97\" enable-background=\"new 0 0 118 97\" xml:space=\"preserve\">\n\t\t\t\t<g>\n\t\t\t\t\t<path d=\"M31.1,73.998c5.688-7.111,8.535-14.316,8.535-21.617c0-3.09-0.371-5.751-1.113-7.978c-4.332,3.34-9.031,5.009-14.102,5.009\n\t\t\t\t\t\tc-6.929,0-12.71-2.194-17.349-6.586c-4.639-4.389-6.958-10.298-6.958-17.72c0-6.926,2.348-12.71,7.051-17.349\n\t\t\t\t\t\tc4.7-4.639,10.452-6.958,17.256-6.958c9.77,0,17.256,4.021,22.451,12.061c4.329,6.68,6.494,15.029,6.494,25.049\n\t\t\t\t\t\tc0,12.742-3.247,24.154-9.741,34.234C37.13,82.227,27.325,90.357,14.215,96.541l-3.525-6.865\n\t\t\t\t\t\tC18.604,86.336,25.409,81.113,31.1,73.998z M95.67,73.998c5.688-7.111,8.535-14.316,8.535-21.617c0-3.09-0.371-5.751-1.113-7.978\n\t\t\t\t\t\tc-4.206,3.34-8.906,5.009-14.102,5.009c-6.804,0-12.556-2.194-17.256-6.586c-4.702-4.389-7.051-10.298-7.051-17.72\n\t\t\t\t\t\tc0-4.575,1.113-8.721,3.34-12.432s5.195-6.616,8.906-8.721c3.711-2.102,7.729-3.154,12.061-3.154\n\t\t\t\t\t\tc9.771,0,17.256,4.021,22.451,12.061c4.329,6.68,6.494,15.029,6.494,25.049c0,12.742-3.247,24.154-9.741,34.234\n\t\t\t\t\t\tC101.7,82.227,91.896,90.357,78.785,96.541l-3.525-6.865C83.175,86.336,89.979,81.113,95.67,73.998z\"\/>\n\t\t\t\t<\/g>\n\t\t\t<\/svg>\n\t\t<\/div>\n\t\t<div class=\"qode-simple-quote-content-holder\">\n\t\t\t<div class=\"qode-simple-quote-content-holder-inner\">\n\t\t\t\t<div class=\"qode-simple-quote-text-holder\" >\n\t\t\t\t\t<h5 class=\"qode-simple-quote-text-title\"> \u201cCuidar el mundo que nos rodea y contiene es cuidarnos a nosotros mismos. Pero necesitamos constituirnos en un \u201cNOSOTROS\u201d que habita la casa com\u00fan\u201d.  <\/h5>\n\t\t\t\t<\/div>\n\t\t\t\t<div class=\"qode-simple-quote-author-holder\">\n\t\t\t\t\t<h6 class=\"qode-simple-quote-author-title\"> (Fratelli tutti 17)\u2026 para que al \ufb01nal ya no est\u00e9n \u201clos otros\u201d, sino s\u00f3lo un NOSOTROS.  <\/h6>\n\t\t\t\t<\/div>\n\t\t\t<\/div>\n\t\t<\/div>\n\t<\/div>\n<\/div>[\/vc_column_inner][\/vc_row_inner][vc_empty_space][vc_column_text]Con estas palabras del Papa Francisco en la Fratelli Tutti enfocamos este curso para seguir caminando en el prop\u00f3sito de la Fundaci\u00f3n Escuela Teresiana, poniendo la intenci\u00f3n y la mirada en ese <span style=\"color: #fe6d68;\"><b>NOSOTROS <\/b><\/span>al que nos invita.<\/p>\n<p>&nbsp;<\/p>\n<p>Queremos que esta sea <b>nuestra forma de ser alternativa <\/b>a un mundo herido por la injusticia, el individualismo y la polarizaci\u00f3n; un mundo que nos llama a cuidar la vida amenazada. Este talante nace del modo radicalmente nuevo de Jes\u00fas, en actitud atenta y cuidadosa hacia el otro.[\/vc_column_text][\/vc_column][\/vc_row][vc_row css_animation=\u00bb\u00bb row_type=\u00bbrow\u00bb use_row_as_full_screen_section=\u00bbno\u00bb type=\u00bbgrid\u00bb angled_section=\u00bbno\u00bb text_align=\u00bbleft\u00bb background_image_as_pattern=\u00bbwithout_pattern\u00bb z_index=\u00bb\u00bb][vc_column width=\u00bb1\/4&#8243;][vc_empty_space][vc_single_image image=\u00bb2134&#8243; img_size=\u00bbfull\u00bb qode_css_animation=\u00bb\u00bb][\/vc_column][vc_column width=\u00bb3\/4&#8243;][vc_empty_space][vc_column_text]<\/p>\n<h3><span style=\"color: #fe6d68;\"><strong> <i>\u201cEstamos<\/i><i> <\/i><i>llamados<\/i><i> <\/i><i>a<\/i><i> <\/i><i>testimoniar<\/i><i> <\/i><i>la<\/i><i> <\/i><i>alianza<\/i><i> <\/i><i>con Dios<\/i><i> <\/i><i>en<\/i><i> <\/i><i>la<\/i><i> <\/i><i>alegr\u00eda,<\/i><i> <\/i><i>con<\/i><i> <\/i><i>gratitud,<\/i><i> <\/i><i>mostrando<\/i><i> <\/i><i>que somos personas capaces de crear lazos de amistad,<\/i><i> <\/i><i>de<\/i><i> <\/i><i>vivir<\/i><i> <\/i><i>la<\/i><i> <\/i><i>fraternidad\u201d.<\/i><\/strong><\/span><\/h3>\n<p>[\/vc_column_text][vc_empty_space][vc_column_text]Desde hace mucho tiempo el t\u00e9rmino ALIANZA (<i>berit <\/i>en hebreo) nos ha permitido asomarnos al amor infinito de nuestro Dios por su Creaci\u00f3n. La ALIANZA para Dios es una forma de manifestarnos su amor.[\/vc_column_text][\/vc_column][\/vc_row][vc_row css_animation=\u00bb\u00bb row_type=\u00bbrow\u00bb use_row_as_full_screen_section=\u00bbno\u00bb type=\u00bbgrid\u00bb angled_section=\u00bbno\u00bb text_align=\u00bbleft\u00bb background_image_as_pattern=\u00bbwithout_pattern\u00bb z_index=\u00bb\u00bb][vc_column][vc_column_text]Por otro lado, la palabra ALIADO nos permite referirnos a aquello que est\u00e1 ligado a otra cosa o a aquellos que se unen con la misi\u00f3n de lograr un fin com\u00fan. En su entra\u00f1a encierra anhelos de co-creaci\u00f3n, colaboraci\u00f3n, esfuerzo colectivo, sinergia, compromiso\u2026, que nos evocan la importancia de la educaci\u00f3n como fuerza transformadora.<\/p>\n<p>&nbsp;<\/p>\n<p>Podemos elegir entre vivir ALIADOS o ALIENADOS de nosotros mismos. Podemos cimentar la vida ENTRA\u00d1ADOS en el bien o EXTRA\u00d1ADOS de nuestra Casa Com\u00fan: de la pertenencia mutua y del futuro compartido.<\/p>\n<p>&nbsp;<\/p>\n<p><strong>El lema de este curso evoca todo esto y, adem\u00e1s:<\/strong><\/p>\n<p>&nbsp;<\/p>\n<ul>\n<li><span style=\"color: #fe6d68;\"><strong>AL<\/strong><\/span>: La ALTERIDAD surge como la idea de ver al otro, no desde una perspectiva propia, sino teniendo en cuenta creencias y conocimientos propios del otro, lo cual exige tener un mayor acercamiento, di\u00e1logo y entendimiento sobre el otro.<\/li>\n<li><span style=\"color: #fe6d68;\"><strong>LIA<\/strong><\/span>r: Supone unir, enrREDar, implicarse en o implicarse con\u2026 El Papa Francisco nos dice: \u201cSe necesita una comunidad que nos sostenga, que nos ayude y en la que nos ayudemos unos a otros a mirar hacia delante. \u00a1Qu\u00e9 importante es so\u00f1ar juntos!\u201d.<\/li>\n<li><span style=\"color: #fe6d68;\"><strong>2<\/strong><\/span>: Invita a superar el mon\u00f3-logo (una sola voz, una sola idea) y acoger la riqueza del di\u00e1-logo: escuchar y acoger otra voz, otra visi\u00f3n, otra idea, para ponerlas en relaci\u00f3n y construir juntos. Es una invitaci\u00f3n siempre nueva a discernir, a poner la realidad en di\u00e1logo con Dios como Teresa de Jes\u00fas y como Enrique de Oss\u00f3.<\/li>\n<\/ul>\n<p>[\/vc_column_text][vc_empty_space][vc_video link=\u00bbhttps:\/\/youtu.be\/HbGu2ieptGY\u00bb][\/vc_column][\/vc_row][vc_row css_animation=\u00bb\u00bb row_type=\u00bbrow\u00bb use_row_as_full_screen_section=\u00bbno\u00bb type=\u00bbfull_width\u00bb angled_section=\u00bbno\u00bb text_align=\u00bbleft\u00bb background_image_as_pattern=\u00bbwithout_pattern\u00bb][vc_column][vc_empty_space height=\u00bb60&#8243;][\/vc_column][\/vc_row][vc_row css_animation=\u00bb\u00bb row_type=\u00bbrow\u00bb use_row_as_full_screen_section=\u00bbno\u00bb type=\u00bbfull_width\u00bb angled_section=\u00bbno\u00bb text_align=\u00bbleft\u00bb background_image_as_pattern=\u00bbwithout_pattern\u00bb css=\u00bb.vc_custom_1700037207056{background: #ffffff url(https:\/\/memoria.escuelateresiana.com\/2024-25\/wp-content\/uploads\/2023\/11\/fondook-1024&#215;409-1.jpeg?id=1745) !important;background-position: center !important;background-repeat: no-repeat !important;background-size: contain !important;}\u00bb z_index=\u00bb\u00bb][vc_column][vc_empty_space height=\u00bb60&#8243;][vc_row_inner row_type=\u00bbrow\u00bb type=\u00bbgrid\u00bb text_align=\u00bbleft\u00bb css_animation=\u00bb\u00bb][vc_column_inner][vc_column_text]<\/p>\n<h2><span style=\"color: #23406a;\">LOS PROYECTOS<\/span><\/h2>\n<p>[\/vc_column_text][vc_empty_space height=\u00bb30&#8243;][\/vc_column_inner][\/vc_row_inner][vc_row_inner row_type=\u00bbrow\u00bb type=\u00bbgrid\u00bb text_align=\u00bbleft\u00bb css_animation=\u00bb\u00bb][vc_column_inner width=\u00bb1\/3&#8243;][vc_single_image image=\u00bb2182&#8243; img_size=\u00bbfull\u00bb qode_css_animation=\u00bb\u00bb][vc_empty_space][vc_column_text]<\/p>\n<h5><strong>Profundizaci\u00f3n y Liderazgo Pastoral<\/strong><\/h5>\n<p>&nbsp;<\/p>\n<p>A veces, lo m\u00e1s valioso de una formaci\u00f3n no son s\u00f3lo los contenidos sino el encuentro que se genera: las conversaciones, di\u00e1logos, las ideas que prenden en medio de un debate y la energ\u00eda de sentirse parte de algo m\u00e1s grande. Eso fue precisamente lo que vivimos en la formaci\u00f3n\u2026[\/vc_column_text][vc_empty_space height=\u00bb20px\u00bb]\n\n\t<a href=\"https:\/\/memoria.escuelateresiana.com\/2024-25\/profundizacion-y-liderazgo-pastoral\/\" target=\"_self\" style=\"color: #ffffff;background-color: #45ac34\" class=\"qode-btn qode-btn-medium qode-btn-solid qode-btn-custom-hover-bg qode-btn-custom-hover-color qode-btn-custom-icon-bg-hover-color qode-btn-icon qode-btn-default-hover\" data-hover-bg-color=\"#ffffff\" data-hover-color=\"#45ac34\" >\n\t    <span class=\"qode-btn-text\">LEER M\u00c1S<\/span><span class=\"qode-button-v2-icon-holder\" style=\"background-color: #45ac34\" data-hover-icon-border-color=\"#45ac34\" data-hover-icon-bg-color=\"#ffffff\"><span aria-hidden=\"true\" class=\"qode_icon_font_elegant arrow_right qode-button-v2-icon-holder-inner\" ><\/span><\/span>\t<\/a>\n\n[vc_empty_space height=\u00bb20px\u00bb][\/vc_column_inner][vc_column_inner width=\u00bb1\/3&#8243;][vc_single_image image=\u00bb2250&#8243; img_size=\u00bbfull\u00bb qode_css_animation=\u00bb\u00bb][vc_empty_space][vc_column_text]<\/p>\n<h5><strong>Curso superior Identidad y Misi\u00f3n<\/strong><\/h5>\n<p>&nbsp;<\/p>\n<p>Desde nuestro compromiso con la formaci\u00f3n carism\u00e1tica, la Fundaci\u00f3n Escuela Teresiana puso en marcha durante el curso 24-25 el Curso Superior de Identidad y Misi\u00f3n del Educador Teresiano en colaboraci\u00f3n con la Universidad Pontificia de Comillas y la editorial SM\u2026[\/vc_column_text][vc_empty_space height=\u00bb20px\u00bb]\n\n\t<a href=\"https:\/\/memoria.escuelateresiana.com\/2024-25\/curso-superior-identidad-y-mision\/\" target=\"_self\" style=\"color: #ffffff;background-color: #45ac34\" class=\"qode-btn qode-btn-medium qode-btn-solid qode-btn-custom-hover-bg qode-btn-custom-hover-color qode-btn-custom-icon-bg-hover-color qode-btn-icon qode-btn-default-hover\" data-hover-bg-color=\"#ffffff\" data-hover-color=\"#45ac34\" >\n\t    <span class=\"qode-btn-text\">LEER M\u00c1S<\/span><span class=\"qode-button-v2-icon-holder\" style=\"background-color: #45ac34\" data-hover-icon-border-color=\"#45ac34\" data-hover-icon-bg-color=\"#ffffff\"><span aria-hidden=\"true\" class=\"qode_icon_font_elegant arrow_right qode-button-v2-icon-holder-inner\" ><\/span><\/span>\t<\/a>\n\n[vc_empty_space height=\u00bb20px\u00bb][\/vc_column_inner][vc_column_inner width=\u00bb1\/3&#8243;][vc_single_image image=\u00bb2251&#8243; img_size=\u00bbfull\u00bb qode_css_animation=\u00bb\u00bb][vc_empty_space][vc_column_text]<\/p>\n<h5><strong>Educar en la diversidad<\/strong><\/h5>\n<p>&nbsp;<\/p>\n<p>La Fundaci\u00f3n Escuela Teresiana contin\u00faa avanzando en su compromiso con una educaci\u00f3n inclusiva, equitativa y de calidad. En este marco, durante el curso 24-25 se ha desarrollado una formaci\u00f3n espec\u00edfica sobre el Dise\u00f1o Universal para el Aprendizaje (DUA)\u2026[\/vc_column_text][vc_empty_space height=\u00bb20px\u00bb]\n\n\t<a href=\"https:\/\/memoria.escuelateresiana.com\/2024-25\/educar-en-la-diversidad-hacia-aulas-inclusivas-con-el-dua-disenar-para-que-todos-aprendan\/\" target=\"_self\" style=\"color: #ffffff;background-color: #45ac34\" class=\"qode-btn qode-btn-medium qode-btn-solid qode-btn-custom-hover-bg qode-btn-custom-hover-color qode-btn-custom-icon-bg-hover-color qode-btn-icon qode-btn-default-hover\" data-hover-bg-color=\"#ffffff\" data-hover-color=\"#45ac34\" >\n\t    <span class=\"qode-btn-text\">LEER M\u00c1S<\/span><span class=\"qode-button-v2-icon-holder\" style=\"background-color: #45ac34\" data-hover-icon-border-color=\"#45ac34\" data-hover-icon-bg-color=\"#ffffff\"><span aria-hidden=\"true\" class=\"qode_icon_font_elegant arrow_right qode-button-v2-icon-holder-inner\" ><\/span><\/span>\t<\/a>\n\n[vc_empty_space height=\u00bb20px\u00bb][\/vc_column_inner][\/vc_row_inner][vc_empty_space height=\u00bb30&#8243;][vc_row_inner row_type=\u00bbrow\u00bb type=\u00bbgrid\u00bb text_align=\u00bbleft\u00bb css_animation=\u00bb\u00bb][vc_column_inner width=\u00bb1\/3&#8243;][vc_single_image image=\u00bb2252&#8243; img_size=\u00bbfull\u00bb qode_css_animation=\u00bb\u00bb][vc_empty_space][vc_column_text]<\/p>\n<h5><strong>Encuentros de comunicadores<\/strong><\/h5>\n<p>&nbsp;<\/p>\n<p>Desde el \u00e1mbito de comunicaci\u00f3n se percib\u00eda la necesidad de dar voz, cohesi\u00f3n y formaci\u00f3n a las personas que en los colegios se dedican a las cuestiones relativas a la comunicaci\u00f3n, tanto en la gesti\u00f3n de redes sociales como en otros asuntos de comunicaci\u00f3n interna&#8230;[\/vc_column_text][vc_empty_space height=\u00bb20px\u00bb]\n\n\t<a href=\"https:\/\/memoria.escuelateresiana.com\/2024-25\/encuentro-de-comunicadores\/\" target=\"_self\" style=\"color: #ffffff;background-color: #45ac34\" class=\"qode-btn qode-btn-medium qode-btn-solid qode-btn-custom-hover-bg qode-btn-custom-hover-color qode-btn-custom-icon-bg-hover-color qode-btn-icon qode-btn-default-hover\" data-hover-bg-color=\"#ffffff\" data-hover-color=\"#45ac34\" >\n\t    <span class=\"qode-btn-text\">LEER M\u00c1S<\/span><span class=\"qode-button-v2-icon-holder\" style=\"background-color: #45ac34\" data-hover-icon-border-color=\"#45ac34\" data-hover-icon-bg-color=\"#ffffff\"><span aria-hidden=\"true\" class=\"qode_icon_font_elegant arrow_right qode-button-v2-icon-holder-inner\" ><\/span><\/span>\t<\/a>\n\n[vc_empty_space height=\u00bb20px\u00bb][\/vc_column_inner][vc_column_inner width=\u00bb1\/3&#8243;][vc_single_image image=\u00bb2253&#8243; img_size=\u00bbfull\u00bb qode_css_animation=\u00bb\u00bb][vc_empty_space][vc_column_text]<\/p>\n<h5><strong>Formaci\u00f3n en liderazgo carism\u00e1tico<\/strong><\/h5>\n<p>&nbsp;<\/p>\n<p>Entre marzo de 2024 y marzo de 2025, los equipos directivos de los colegios de la Fundaci\u00f3n Escuela Teresiana hemos vivido un proceso formativo que marca un antes y un despu\u00e9s en nuestro modo de mirar y ejercer el liderazgo\u2026[\/vc_column_text][vc_empty_space]\n\n\t<a href=\"https:\/\/memoria.escuelateresiana.com\/2024-25\/formacion-en-liderazgo-carismatico\/\" target=\"_self\" style=\"color: #ffffff;background-color: #45ac34\" class=\"qode-btn qode-btn-medium qode-btn-solid qode-btn-custom-hover-bg qode-btn-custom-hover-color qode-btn-custom-icon-bg-hover-color qode-btn-icon qode-btn-default-hover\" data-hover-bg-color=\"#ffffff\" data-hover-color=\"#45ac34\" >\n\t    <span class=\"qode-btn-text\">LEER M\u00c1S<\/span><span class=\"qode-button-v2-icon-holder\" style=\"background-color: #45ac34\" data-hover-icon-border-color=\"#45ac34\" data-hover-icon-bg-color=\"#ffffff\"><span aria-hidden=\"true\" class=\"qode_icon_font_elegant arrow_right qode-button-v2-icon-holder-inner\" ><\/span><\/span>\t<\/a>\n\n[vc_empty_space][\/vc_column_inner][vc_column_inner width=\u00bb1\/3&#8243;][\/vc_column_inner][\/vc_row_inner][vc_empty_space height=\u00bb60&#8243;][\/vc_column][\/vc_row]<\/p>\n","protected":false},"excerpt":{"rendered":"<p>[vc_row css_animation=\u00bb\u00bb row_type=\u00bbrow\u00bb use_row_as_full_screen_section=\u00bbno\u00bb type=\u00bbfull_width\u00bb angled_section=\u00bbno\u00bb text_align=\u00bbleft\u00bb background_image_as_pattern=\u00bbwithout_pattern\u00bb][vc_column offset=\u00bbvc_hidden-sm vc_hidden-xs\u00bb][vc_empty_space height=\u00bb200&#8243;][\/vc_column][\/vc_row][vc_row css_animation=\u00bb\u00bb row_type=\u00bbrow\u00bb use_row_as_full_screen_section=\u00bbno\u00bb type=\u00bbfull_width\u00bb angled_section=\u00bbno\u00bb text_align=\u00bbleft\u00bb background_image_as_pattern=\u00bbwithout_pattern\u00bb][vc_column][vc_single_image image=\u00bb2256&#8243; img_size=\u00bbfull\u00bb alignment=\u00bbcenter\u00bb qode_css_animation=\u00bb\u00bb][\/vc_column][\/vc_row][vc_row css_animation=\u00bb\u00bb row_type=\u00bbrow\u00bb use_row_as_full_screen_section=\u00bbno\u00bb type=\u00bbfull_width\u00bb angled_section=\u00bbno\u00bb text_align=\u00bbleft\u00bb background_image_as_pattern=\u00bbwithout_pattern\u00bb][vc_column][vc_empty_space height=\u00bb60&#8243;][\/vc_column][\/vc_row][vc_row css_animation=\u00bb\u00bb row_type=\u00bbrow\u00bb use_row_as_full_screen_section=\u00bbno\u00bb type=\u00bbgrid\u00bb angled_section=\u00bbno\u00bb text_align=\u00bbleft\u00bb background_image_as_pattern=\u00bbwithout_pattern\u00bb z_index=\u00bb\u00bb][vc_column][vc_column_text] OBJETIVO DEL CURSO 2024-2025 [\/vc_column_text][vc_empty_space][vc_column_text] Nuestro objetivo&#8230;<\/p>\n","protected":false},"author":1,"featured_media":0,"parent":0,"menu_order":0,"comment_status":"closed","ping_status":"closed","template":"full_width.php","meta":{"footnotes":""},"class_list":["post-1591","page","type-page","status-publish","hentry"],"_links":{"self":[{"href":"https:\/\/memoria.escuelateresiana.com\/2024-25\/wp-json\/wp\/v2\/pages\/1591","targetHints":{"allow":["GET"]}}],"collection":[{"href":"https:\/\/memoria.escuelateresiana.com\/2024-25\/wp-json\/wp\/v2\/pages"}],"about":[{"href":"https:\/\/memoria.escuelateresiana.com\/2024-25\/wp-json\/wp\/v2\/types\/page"}],"author":[{"embeddable":true,"href":"https:\/\/memoria.escuelateresiana.com\/2024-25\/wp-json\/wp\/v2\/users\/1"}],"replies":[{"embeddable":true,"href":"https:\/\/memoria.escuelateresiana.com\/2024-25\/wp-json\/wp\/v2\/comments?post=1591"}],"version-history":[{"count":50,"href":"https:\/\/memoria.escuelateresiana.com\/2024-25\/wp-json\/wp\/v2\/pages\/1591\/revisions"}],"predecessor-version":[{"id":2262,"href":"https:\/\/memoria.escuelateresiana.com\/2024-25\/wp-json\/wp\/v2\/pages\/1591\/revisions\/2262"}],"wp:attachment":[{"href":"https:\/\/memoria.escuelateresiana.com\/2024-25\/wp-json\/wp\/v2\/media?parent=1591"}],"curies":[{"name":"wp","href":"https:\/\/api.w.org\/{rel}","templated":true}]}}