{"id":1505,"date":"2023-09-18T07:10:48","date_gmt":"2023-09-18T07:10:48","guid":{"rendered":"https:\/\/viralik.com\/memoria\/?page_id=1505"},"modified":"2025-10-21T11:44:35","modified_gmt":"2025-10-21T11:44:35","slug":"cifras-de-la-fet","status":"publish","type":"page","link":"https:\/\/memoria.escuelateresiana.com\/2024-25\/cifras-de-la-fet\/","title":{"rendered":"Cifras de la Fet"},"content":{"rendered":"<p>[vc_row css_animation=\u00bb\u00bb row_type=\u00bbrow\u00bb use_row_as_full_screen_section=\u00bbno\u00bb type=\u00bbfull_width\u00bb angled_section=\u00bbno\u00bb text_align=\u00bbleft\u00bb background_image_as_pattern=\u00bbwithout_pattern\u00bb z_index=\u00bb\u00bb css=\u00bb.vc_custom_1730285092455{background-color: #ffffff !important;}\u00bb][vc_column offset=\u00bbvc_hidden-sm vc_hidden-xs\u00bb][vc_empty_space height=\u00bb200&#8243;][\/vc_column][\/vc_row][vc_row css_animation=\u00bb\u00bb row_type=\u00bbrow\u00bb use_row_as_full_screen_section=\u00bbno\u00bb type=\u00bbfull_width\u00bb angled_section=\u00bbno\u00bb text_align=\u00bbleft\u00bb background_image_as_pattern=\u00bbwithout_pattern\u00bb css=\u00bb.vc_custom_1730285086455{background-color: #ffffff !important;}\u00bb z_index=\u00bb\u00bb][vc_column][vc_single_image image=\u00bb2259&#8243; img_size=\u00bbfull\u00bb alignment=\u00bbcenter\u00bb qode_css_animation=\u00bb\u00bb][vc_empty_space height=\u00bb60&#8243;][\/vc_column][\/vc_row][vc_row css_animation=\u00bb\u00bb row_type=\u00bbrow\u00bb use_row_as_full_screen_section=\u00bbno\u00bb type=\u00bbgrid\u00bb angled_section=\u00bbno\u00bb text_align=\u00bbcenter\u00bb background_image_as_pattern=\u00bbwithout_pattern\u00bb padding_top=\u00bb82&#8243; padding_bottom=\u00bb40&#8243; z_index=\u00bb5&#8243; css=\u00bb.vc_custom_1700035773707{background-color: #ffffff !important;background-position: center !important;background-repeat: no-repeat !important;background-size: contain !important;}\u00bb][vc_column css=\u00bb.vc_custom_1525961830607{margin-top: -1% !important;}\u00bb][vc_column_text]<\/p>\n<h2><span style=\"color: #23406a;\">Las grandes cifras de la FET<\/span><\/h2>\n<p>[\/vc_column_text][vc_empty_space height=\u00bb24px\u00bb][vc_row_inner row_type=\u00bbrow\u00bb type=\u00bbfull_width\u00bb text_align=\u00bbleft\u00bb css_animation=\u00bb\u00bb][vc_column_inner width=\u00bb1\/3&#8243;][vc_empty_space height=\u00bb20px\u00bb][vc_single_image image=\u00bb1740&#8243; img_size=\u00bbfull\u00bb alignment=\u00bbcenter\u00bb qode_css_animation=\u00bb\u00bb]<div class=\"q_counter_holder  center boxed_counter\" style=\"border-color:#ffffff;\" data-digit=\"16478\"><span class=\"counter  zero\" style=\"color: #45ac34;font-weight: 700;\">16478<\/span><span class=\"separator small\" style=\"\"><\/span><p class=\"counter_text\" style=\"color: #23406a;\">Alumnos<\/p><\/div>[\/vc_column_inner][vc_column_inner width=\u00bb1\/3&#8243;][vc_empty_space height=\u00bb20px\u00bb][vc_single_image image=\u00bb1903&#8243; img_size=\u00bbfull\u00bb alignment=\u00bbcenter\u00bb qode_css_animation=\u00bb\u00bb]<div class=\"q_counter_holder  center boxed_counter\" style=\"border-color:#ffffff;\" data-digit=\"679\"><span class=\"counter  zero\" style=\"color: #45ac34;font-weight: 700;\">679<\/span><span class=\"separator small\" style=\"\"><\/span><p class=\"counter_text\" style=\"color: #23406a;\">Aulas<\/p><\/div>[\/vc_column_inner][vc_column_inner width=\u00bb1\/3&#8243;][vc_empty_space height=\u00bb20px\u00bb][vc_single_image image=\u00bb1742&#8243; img_size=\u00bbfull\u00bb alignment=\u00bbcenter\u00bb qode_css_animation=\u00bb\u00bb]<div class=\"q_counter_holder  center boxed_counter\" style=\"border-color:#ffffff;\" data-digit=\"1835\"><span class=\"counter  zero\" style=\"color: #45ac34;font-weight: 700;\">1835<\/span><span class=\"separator small\" style=\"\"><\/span><p class=\"counter_text\" style=\"color: #23406a;\">Educadores<\/p><\/div>[\/vc_column_inner][\/vc_row_inner][vc_row_inner row_type=\u00bbrow\u00bb type=\u00bbfull_width\u00bb text_align=\u00bbleft\u00bb css_animation=\u00bb\u00bb][vc_column_inner width=\u00bb1\/3&#8243;][vc_empty_space height=\u00bb20px\u00bb][vc_single_image image=\u00bb1747&#8243; img_size=\u00bbfull\u00bb alignment=\u00bbcenter\u00bb qode_css_animation=\u00bb\u00bb]<div class=\"q_counter_holder  center boxed_counter\" style=\"border-color:#ffffff;\" data-digit=\"21\"><span class=\"counter  zero\" style=\"color: #45ac34;font-weight: 700;\">21<\/span><span class=\"separator small\" style=\"\"><\/span><p class=\"counter_text\" style=\"color: #23406a;\">Colegios<\/p><\/div>[\/vc_column_inner][vc_column_inner width=\u00bb1\/3&#8243;][vc_empty_space height=\u00bb20px\u00bb][vc_single_image image=\u00bb1748&#8243; img_size=\u00bbfull\u00bb alignment=\u00bbcenter\u00bb qode_css_animation=\u00bb\u00bb]<div class=\"q_counter_holder  center boxed_counter\" style=\"border-color:#ffffff;\" data-digit=\"12\"><span class=\"counter  zero\" style=\"color: #45ac34;font-weight: 700;\">12<\/span><span class=\"separator small\" style=\"\"><\/span><p class=\"counter_text\" style=\"color: #23406a;\">Comunidades aut\u00f3nomas<\/p><\/div>[\/vc_column_inner][vc_column_inner width=\u00bb1\/3&#8243;][vc_empty_space height=\u00bb20px\u00bb][vc_single_image image=\u00bb1743&#8243; img_size=\u00bbfull\u00bb alignment=\u00bbcenter\u00bb qode_css_animation=\u00bb\u00bb]<div class=\"q_counter_holder  center boxed_counter\" style=\"border-color:#ffffff;\" data-digit=\"1189\"><span class=\"counter  zero\" style=\"color: #45ac34;font-weight: 700;\">1189<\/span><span class=\"separator small\" style=\"\"><\/span><p class=\"counter_text\" style=\"color: #23406a;\">PARTICIPANTES EN LOS 26 CURSOS DE FORMACI\u00d3N ORGANIZADOS POR LA FET<\/p><\/div>[\/vc_column_inner][\/vc_row_inner][\/vc_column][\/vc_row][vc_row css_animation=\u00bb\u00bb row_type=\u00bbrow\u00bb use_row_as_full_screen_section=\u00bbno\u00bb type=\u00bbgrid\u00bb angled_section=\u00bbno\u00bb text_align=\u00bbleft\u00bb background_image_as_pattern=\u00bbwithout_pattern\u00bb z_index=\u00bb\u00bb padding_top=\u00bb40&#8243;][vc_column width=\u00bb1\/2&#8243;][vc_column_text]<\/p>\n<h3 style=\"text-align: left;\"><span style=\"color: #23406a;\"><strong>Alumnos<\/strong><\/span><\/h3>\n<p>[\/vc_column_text][vc_empty_space]<div class=\"qode-simple-quote-holder \">\n\t<div class=\"qode-simple-quote-triangle-shadow\">\n\t\t\n\t<\/div>\n\t<div class=\"qode-simple-quote-triangle\" >\n\t\t\n\t<\/div>\n\t<div class=\"qode-simple-quote-holder-inner\" >\n\t\t<div class=\"qode-simple-quote-icon-holder\"  style=\"fill: #45ac34\">\n\t\t\t<svg x=\"0px\" y=\"0px\" width=\"118px\" height=\"97px\" viewBox=\"0 0 118 97\" enable-background=\"new 0 0 118 97\" xml:space=\"preserve\">\n\t\t\t\t<g>\n\t\t\t\t\t<path d=\"M31.1,73.998c5.688-7.111,8.535-14.316,8.535-21.617c0-3.09-0.371-5.751-1.113-7.978c-4.332,3.34-9.031,5.009-14.102,5.009\n\t\t\t\t\t\tc-6.929,0-12.71-2.194-17.349-6.586c-4.639-4.389-6.958-10.298-6.958-17.72c0-6.926,2.348-12.71,7.051-17.349\n\t\t\t\t\t\tc4.7-4.639,10.452-6.958,17.256-6.958c9.77,0,17.256,4.021,22.451,12.061c4.329,6.68,6.494,15.029,6.494,25.049\n\t\t\t\t\t\tc0,12.742-3.247,24.154-9.741,34.234C37.13,82.227,27.325,90.357,14.215,96.541l-3.525-6.865\n\t\t\t\t\t\tC18.604,86.336,25.409,81.113,31.1,73.998z M95.67,73.998c5.688-7.111,8.535-14.316,8.535-21.617c0-3.09-0.371-5.751-1.113-7.978\n\t\t\t\t\t\tc-4.206,3.34-8.906,5.009-14.102,5.009c-6.804,0-12.556-2.194-17.256-6.586c-4.702-4.389-7.051-10.298-7.051-17.72\n\t\t\t\t\t\tc0-4.575,1.113-8.721,3.34-12.432s5.195-6.616,8.906-8.721c3.711-2.102,7.729-3.154,12.061-3.154\n\t\t\t\t\t\tc9.771,0,17.256,4.021,22.451,12.061c4.329,6.68,6.494,15.029,6.494,25.049c0,12.742-3.247,24.154-9.741,34.234\n\t\t\t\t\t\tC101.7,82.227,91.896,90.357,78.785,96.541l-3.525-6.865C83.175,86.336,89.979,81.113,95.67,73.998z\"\/>\n\t\t\t\t<\/g>\n\t\t\t<\/svg>\n\t\t<\/div>\n\t\t<div class=\"qode-simple-quote-content-holder\">\n\t\t\t<div class=\"qode-simple-quote-content-holder-inner\">\n\t\t\t\t<div class=\"qode-simple-quote-text-holder\" >\n\t\t\t\t\t<h5 class=\"qode-simple-quote-text-title\"> \u00abLos alumnos y alumnas son el centro de la Comunidad Educativa, la raz\u00f3n de ser de la Escuela Teresiana. Crecen en un clima de seguridad, cercan\u00eda y libertad responsable, sinti\u00e9ndose aceptados, respetados y queridos por todos los miembros de la comunidad\u00bb.  <\/h5>\n\t\t\t\t<\/div>\n\t\t\t\t<div class=\"qode-simple-quote-author-holder\">\n\t\t\t\t\t<p class=\"qode-simple-quote-author-title\"> (Car\u00e1cter Propio, p\u00e1g. 29)  <\/p>\n\t\t\t\t<\/div>\n\t\t\t<\/div>\n\t\t<\/div>\n\t<\/div>\n<\/div>[vc_empty_space][\/vc_column][vc_column width=\u00bb1\/2&#8243;][vc_empty_space height=\u00bb70px\u00bb][vc_single_image image=\u00bb2273&#8243; img_size=\u00bbfull\u00bb qode_css_animation=\u00bb\u00bb][\/vc_column][\/vc_row][vc_row css_animation=\u00bb\u00bb row_type=\u00bbrow\u00bb use_row_as_full_screen_section=\u00bbno\u00bb type=\u00bbgrid\u00bb angled_section=\u00bbno\u00bb text_align=\u00bbleft\u00bb background_image_as_pattern=\u00bbwithout_pattern\u00bb z_index=\u00bb\u00bb padding_bottom=\u00bb60&#8243;][vc_column][vc_empty_space][vc_column_text]Queremos reconocer el potencial de esta nueva generaci\u00f3n de alumnos, sus dones y necesidades para lograr que sean protagonistas de sus vidas y transformadores de la sociedad.[\/vc_column_text][\/vc_column][\/vc_row][vc_row css_animation=\u00bb\u00bb row_type=\u00bbrow\u00bb use_row_as_full_screen_section=\u00bbno\u00bb type=\u00bbfull_width\u00bb angled_section=\u00bbno\u00bb text_align=\u00bbleft\u00bb background_image_as_pattern=\u00bbwithout_pattern\u00bb background_image=\u00bb590&#8243; z_index=\u00bb\u00bb css=\u00bb.vc_custom_1700038610661{padding-right: 60px !important;padding-left: 60px !important;background: #ffffff url(https:\/\/memoria.escuelateresiana.com\/2024-25\/wp-content\/uploads\/2023\/11\/fondook-1024&#215;409-1.jpeg?id=1745) !important;background-position: center !important;background-repeat: no-repeat !important;background-size: contain !important;}\u00bb][vc_column][vc_empty_space height=\u00bb80px\u00bb][vc_row_inner row_type=\u00bbrow\u00bb type=\u00bbfull_width\u00bb text_align=\u00bbcenter\u00bb css_animation=\u00bb\u00bb][vc_column_inner width=\u00bb1\/2&#8243;][vc_column_text]<\/p>\n<h3 style=\"text-align: left;\"><span style=\"color: #23406a;\"><strong>Familias<\/strong><\/span><\/h3>\n<p>[\/vc_column_text][vc_empty_space][vc_column_text]<\/p>\n<p style=\"text-align: left;\">La familia es la principal fuente de identidad de la persona y el lugar en el que se van determinando las caracter\u00edsticas de cada individuo. Es importante que se den en ella momentos de calidad que potencien un desarrollo arm\u00f3nico. Vivir el tiempo libre juntos, tener momentos en los que compartir di\u00e1logos, expresar sentimientos, orar, potenciar los v\u00ednculos, etc., favorecer\u00e1 el crecimiento y desarrollo personal.<\/p>\n<p>&nbsp;<\/p>\n<p>&nbsp;<\/p>\n<p style=\"text-align: left;\"><strong>La situaci\u00f3n de muchas familias hace dif\u00edcil que puedan darse estos tiempos de calidad, por ello es muy importante valorar la colaboraci\u00f3n familia-escuela, para detectar logros y necesidades en el desarrollo del ni\u00f1o y del joven. Desde la escuela ser\u00e1 bueno propiciar y fomentar momentos y acciones conjuntas, espacios para celebraciones, fiestas, campa\u00f1as, etc.<\/strong>\u00a0El crear v\u00ednculos familiares favorecer\u00e1 la identidad, y el hacerlo dentro del \u00e1mbito educativo, propiciar\u00e1 de igual forma la identidad teresiana derivada del proyecto educativo del centro.<\/p>\n<p>[\/vc_column_text][\/vc_column_inner][vc_column_inner width=\u00bb1\/2&#8243;][vc_empty_space][vc_single_image image=\u00bb2276&#8243; img_size=\u00bbfull\u00bb qode_css_animation=\u00bb\u00bb][\/vc_column_inner][\/vc_row_inner][vc_empty_space height=\u00bb90px\u00bb][\/vc_column][\/vc_row][vc_row css_animation=\u00bb\u00bb row_type=\u00bbrow\u00bb use_row_as_full_screen_section=\u00bbno\u00bb type=\u00bbfull_width\u00bb angled_section=\u00bbno\u00bb text_align=\u00bbleft\u00bb background_image_as_pattern=\u00bbwithout_pattern\u00bb background_image=\u00bb590&#8243; z_index=\u00bb\u00bb css=\u00bb.vc_custom_1695027730049{padding-right: 60px !important;padding-left: 60px !important;}\u00bb][vc_column][vc_empty_space height=\u00bb80px\u00bb][vc_row_inner row_type=\u00bbrow\u00bb type=\u00bbfull_width\u00bb text_align=\u00bbleft\u00bb css_animation=\u00bb\u00bb][vc_column_inner width=\u00bb1\/2&#8243;][vc_column_text]<\/p>\n<h3 style=\"text-align: left;\"><span style=\"color: #23406a;\"><strong>Personal<\/strong><\/span><\/h3>\n<p>[\/vc_column_text][vc_empty_space][vc_column_text]El pilar fundamental de la escuela teresiana es su personal, docentes y no docentes, que desde distintas tareas enriquecen y llevan a cabo nuestra misi\u00f3n educativa. Distintas edades, caracteres, experiencias, especializaciones, culturas&#8230; evidencian la riqueza y el potencial de la Fundaci\u00f3n. El clima escolar, fruto de lo que cada uno aporta, posibilita un buen ambiente de trabajo en t\u00e9rminos generales.<\/p>\n<p>&nbsp;<\/p>\n<p><strong>La educaci\u00f3n teresiana concibe a las personas como sujetos de encuentro y transformadores sociales; por ello en nuestras escuelas se cuidan especialmente las relaciones interpersonales y todo aquello que favorece el crecimiento personal.<\/strong>\u00a0Tener espacios y tiempos para compartir la vida en encuentros informales nos hace constatar la importancia que damos a la persona.<\/p>\n<p>&nbsp;<\/p>\n<p>Valoramos la vida que se entrega a lo largo de tantos a\u00f1os en la escuela, el enriquecimiento que suponen los distintos momentos vitales de cada uno y la importancia de acompa\u00f1ar estos momentos para mantener la pasi\u00f3n por la educaci\u00f3n. De la misma manera es crucial la acogida y acompa\u00f1amiento de tantos educadores y personal que se est\u00e1n incorporando a nuestros centros.<\/p>\n<p>&nbsp;<\/p>\n<p>Queremos que todos experimenten la satisfacci\u00f3n de sentirse considerados como miembros necesarios en la misi\u00f3n educativa, sintiendo que se valora su trabajo y se conf\u00eda en su capacidad y experiencia para llevar a cabo el proyecto educativo teresiano.[\/vc_column_text][\/vc_column_inner][vc_column_inner width=\u00bb1\/2&#8243;][vc_empty_space][vc_single_image image=\u00bb2233&#8243; img_size=\u00bbfull\u00bb qode_css_animation=\u00bb\u00bb][\/vc_column_inner][\/vc_row_inner][vc_empty_space height=\u00bb90px\u00bb][\/vc_column][\/vc_row]<\/p>\n","protected":false},"excerpt":{"rendered":"<p>[vc_row css_animation=\u00bb\u00bb row_type=\u00bbrow\u00bb use_row_as_full_screen_section=\u00bbno\u00bb type=\u00bbfull_width\u00bb angled_section=\u00bbno\u00bb text_align=\u00bbleft\u00bb background_image_as_pattern=\u00bbwithout_pattern\u00bb z_index=\u00bb\u00bb css=\u00bb.vc_custom_1730285092455{background-color: #ffffff !important;}\u00bb][vc_column offset=\u00bbvc_hidden-sm vc_hidden-xs\u00bb][vc_empty_space height=\u00bb200&#8243;][\/vc_column][\/vc_row][vc_row css_animation=\u00bb\u00bb row_type=\u00bbrow\u00bb use_row_as_full_screen_section=\u00bbno\u00bb type=\u00bbfull_width\u00bb angled_section=\u00bbno\u00bb text_align=\u00bbleft\u00bb background_image_as_pattern=\u00bbwithout_pattern\u00bb css=\u00bb.vc_custom_1730285086455{background-color: #ffffff !important;}\u00bb z_index=\u00bb\u00bb][vc_column][vc_single_image image=\u00bb2259&#8243; img_size=\u00bbfull\u00bb alignment=\u00bbcenter\u00bb qode_css_animation=\u00bb\u00bb][vc_empty_space height=\u00bb60&#8243;][\/vc_column][\/vc_row][vc_row css_animation=\u00bb\u00bb row_type=\u00bbrow\u00bb use_row_as_full_screen_section=\u00bbno\u00bb type=\u00bbgrid\u00bb angled_section=\u00bbno\u00bb text_align=\u00bbcenter\u00bb background_image_as_pattern=\u00bbwithout_pattern\u00bb padding_top=\u00bb82&#8243; padding_bottom=\u00bb40&#8243; z_index=\u00bb5&#8243; css=\u00bb.vc_custom_1700035773707{background-color: #ffffff !important;background-position: center&#8230;<\/p>\n","protected":false},"author":1,"featured_media":0,"parent":0,"menu_order":0,"comment_status":"closed","ping_status":"closed","template":"full_width.php","meta":{"footnotes":""},"class_list":["post-1505","page","type-page","status-publish","hentry"],"_links":{"self":[{"href":"https:\/\/memoria.escuelateresiana.com\/2024-25\/wp-json\/wp\/v2\/pages\/1505","targetHints":{"allow":["GET"]}}],"collection":[{"href":"https:\/\/memoria.escuelateresiana.com\/2024-25\/wp-json\/wp\/v2\/pages"}],"about":[{"href":"https:\/\/memoria.escuelateresiana.com\/2024-25\/wp-json\/wp\/v2\/types\/page"}],"author":[{"embeddable":true,"href":"https:\/\/memoria.escuelateresiana.com\/2024-25\/wp-json\/wp\/v2\/users\/1"}],"replies":[{"embeddable":true,"href":"https:\/\/memoria.escuelateresiana.com\/2024-25\/wp-json\/wp\/v2\/comments?post=1505"}],"version-history":[{"count":55,"href":"https:\/\/memoria.escuelateresiana.com\/2024-25\/wp-json\/wp\/v2\/pages\/1505\/revisions"}],"predecessor-version":[{"id":2277,"href":"https:\/\/memoria.escuelateresiana.com\/2024-25\/wp-json\/wp\/v2\/pages\/1505\/revisions\/2277"}],"wp:attachment":[{"href":"https:\/\/memoria.escuelateresiana.com\/2024-25\/wp-json\/wp\/v2\/media?parent=1505"}],"curies":[{"name":"wp","href":"https:\/\/api.w.org\/{rel}","templated":true}]}}