{"id":6,"date":"2018-04-23T09:00:09","date_gmt":"2018-04-23T09:00:09","guid":{"rendered":"http:\/\/bridge231.qodeinteractive.com\/?page_id=6"},"modified":"2024-11-11T07:11:20","modified_gmt":"2024-11-11T07:11:20","slug":"home","status":"publish","type":"page","link":"https:\/\/memoria.escuelateresiana.com\/2023-24\/","title":{"rendered":"Inicio"},"content":{"rendered":"<p>[vc_row css_animation=\u00bb\u00bb row_type=\u00bbrow\u00bb use_row_as_full_screen_section=\u00bbno\u00bb type=\u00bbfull_width\u00bb angled_section=\u00bbno\u00bb text_align=\u00bbleft\u00bb background_image_as_pattern=\u00bbwithout_pattern\u00bb z_index=\u00bb5&#8243;][vc_column css=\u00bb.vc_custom_1730286410065{margin-bottom: -3% !important;}\u00bb offset=\u00bbvc_hidden-sm vc_hidden-xs\u00bb][vc_empty_space height=\u00bb200&#8243;][\/vc_column][\/vc_row][vc_row css_animation=\u00bb\u00bb row_type=\u00bbrow\u00bb use_row_as_full_screen_section=\u00bbno\u00bb type=\u00bbfull_width\u00bb angled_section=\u00bbno\u00bb text_align=\u00bbleft\u00bb background_image_as_pattern=\u00bbwithout_pattern\u00bb z_index=\u00bb5&#8243;][vc_column css=\u00bb.vc_custom_1525095376667{margin-bottom: -3% !important;}\u00bb][rev_slider_vc alias=\u00bbslider-2&#8243;][\/vc_column][\/vc_row][vc_row css_animation=\u00bb\u00bb row_type=\u00bbrow\u00bb use_row_as_full_screen_section=\u00bbno\u00bb type=\u00bbgrid\u00bb angled_section=\u00bbno\u00bb text_align=\u00bbcenter\u00bb background_image_as_pattern=\u00bbwithout_pattern\u00bb padding_top=\u00bb82&#8243; padding_bottom=\u00bb40&#8243; z_index=\u00bb5&#8243; css=\u00bb.vc_custom_1699973713987{background: #ffffff url(https:\/\/memoria.escuelateresiana.com\/2023-24\/wp-content\/uploads\/2023\/11\/fondook-1024&#215;409-1.jpeg?id=1745) !important;background-position: center !important;background-repeat: no-repeat !important;background-size: contain !important;}\u00bb][vc_column css=\u00bb.vc_custom_1525961830607{margin-top: -1% !important;}\u00bb][vc_empty_space height=\u00bb15px\u00bb][vc_column_text]<\/p>\n<h2><span style=\"color: #23406a;\">Las grandes cifras de la FET<\/span><\/h2>\n<p>[\/vc_column_text][vc_empty_space height=\u00bb24px\u00bb][vc_row_inner row_type=\u00bbrow\u00bb type=\u00bbfull_width\u00bb text_align=\u00bbleft\u00bb css_animation=\u00bb\u00bb][vc_column_inner width=\u00bb1\/3&#8243;][vc_empty_space height=\u00bb20px\u00bb][vc_single_image image=\u00bb1740&#8243; img_size=\u00bbfull\u00bb alignment=\u00bbcenter\u00bb qode_css_animation=\u00bb\u00bb]<div class=\"q_counter_holder  center\" style=\"\" data-digit=\"16240\"><span class=\"counter  zero\" style=\"color: #45ac34;font-weight: 700;\">16240<\/span><span class=\"separator small\" style=\"\"><\/span><p class=\"counter_text\" style=\"color: #23406a;\">Alumnos<\/p><\/div>[\/vc_column_inner][vc_column_inner width=\u00bb1\/3&#8243;][vc_empty_space height=\u00bb20px\u00bb][vc_single_image image=\u00bb1903&#8243; img_size=\u00bbfull\u00bb alignment=\u00bbcenter\u00bb qode_css_animation=\u00bb\u00bb]<div class=\"q_counter_holder  center\" style=\"\" data-digit=\"677\"><span class=\"counter  zero\" style=\"color: #45ac34;font-weight: 700;\">677<\/span><span class=\"separator small\" style=\"\"><\/span><p class=\"counter_text\" style=\"color: #23406a;\">Aulas<\/p><\/div>[\/vc_column_inner][vc_column_inner width=\u00bb1\/3&#8243;][vc_empty_space height=\u00bb20px\u00bb][vc_single_image image=\u00bb1742&#8243; img_size=\u00bbfull\u00bb alignment=\u00bbcenter\u00bb qode_css_animation=\u00bb\u00bb]<div class=\"q_counter_holder  center\" style=\"\" data-digit=\"1791\"><span class=\"counter  zero\" style=\"color: #45ac34;font-weight: 700;\">1791<\/span><span class=\"separator small\" style=\"\"><\/span><p class=\"counter_text\" style=\"color: #23406a;\">Educadores<\/p><\/div>[\/vc_column_inner][\/vc_row_inner][vc_row_inner row_type=\u00bbrow\u00bb type=\u00bbfull_width\u00bb text_align=\u00bbleft\u00bb css_animation=\u00bb\u00bb][vc_column_inner width=\u00bb1\/3&#8243;][vc_empty_space height=\u00bb20px\u00bb][vc_single_image image=\u00bb1747&#8243; img_size=\u00bbfull\u00bb alignment=\u00bbcenter\u00bb qode_css_animation=\u00bb\u00bb]<div class=\"q_counter_holder  center\" style=\"\" data-digit=\"21\"><span class=\"counter  zero\" style=\"color: #45ac34;font-weight: 700;\">21<\/span><span class=\"separator small\" style=\"\"><\/span><p class=\"counter_text\" style=\"color: #23406a;\">Colegios<\/p><\/div>[\/vc_column_inner][vc_column_inner width=\u00bb1\/3&#8243;][vc_empty_space height=\u00bb20px\u00bb][vc_single_image image=\u00bb1748&#8243; img_size=\u00bbfull\u00bb alignment=\u00bbcenter\u00bb qode_css_animation=\u00bb\u00bb]<div class=\"q_counter_holder  center\" style=\"\" data-digit=\"12\"><span class=\"counter  zero\" style=\"color: #45ac34;font-weight: 700;\">12<\/span><span class=\"separator small\" style=\"\"><\/span><p class=\"counter_text\" style=\"color: #23406a;\">Comunidades aut\u00f3nomas<\/p><\/div>[\/vc_column_inner][vc_column_inner width=\u00bb1\/3&#8243;][vc_empty_space height=\u00bb20px\u00bb][vc_single_image image=\u00bb1743&#8243; img_size=\u00bbfull\u00bb alignment=\u00bbcenter\u00bb qode_css_animation=\u00bb\u00bb]<div class=\"q_counter_holder  center\" style=\"\" data-digit=\"788\"><span class=\"counter  zero\" style=\"color: #45ac34;font-weight: 700;\">788<\/span><span class=\"separator small\" style=\"\"><\/span><p class=\"counter_text\" style=\"color: #23406a;\">PARTICIPANTES EN LOS 26 CURSOS DE FORMACI\u00d3N ORGANIZADOS POR LA FET<\/p><\/div>[\/vc_column_inner][\/vc_row_inner][\/vc_column][\/vc_row][vc_row css_animation=\u00bb\u00bb row_type=\u00bbrow\u00bb use_row_as_full_screen_section=\u00bbno\u00bb type=\u00bbgrid\u00bb angled_section=\u00bbno\u00bb text_align=\u00bbleft\u00bb background_image_as_pattern=\u00bbwithout_pattern\u00bb css=\u00bb.vc_custom_1699270637279{background-color: #f7f7f7 !important;}\u00bb z_index=\u00bb\u00bb padding_top=\u00bb80&#8243; padding_bottom=\u00bb80&#8243;][vc_column][vc_column_text]<\/p>\n<h2 style=\"text-align: center;\"><span style=\"color: #23406a;\">Los Proyectos de 2023 \/ 2024<\/span><\/h2>\n<p>[\/vc_column_text][vc_empty_space height=\u00bb60px\u00bb][vc_column_text]<\/p>\n<h3><span style=\"color: #45ac34;\"><a style=\"color: #45ac34;\" href=\"https:\/\/memoria.escuelateresiana.com\/2023-24\/proyectos\">Objetivo anual<\/a><\/span><\/h3>\n<h3><\/h3>\n<p>[\/vc_column_text][vc_separator type=\u00bbnormal\u00bb color=\u00bb#45ac34&#8243;][vc_row_inner row_type=\u00bbrow\u00bb type=\u00bbfull_width\u00bb text_align=\u00bbleft\u00bb css_animation=\u00bb\u00bb][vc_column_inner width=\u00bb1\/2&#8243;][vc_empty_space][vc_column_text]Ser <strong>escuelas del cuidado<\/strong>, que promuevan estructuras de <strong>participaci\u00f3n<\/strong> y el <strong>acompa\u00f1amiento<\/strong> de personas y procesos para impulsar la <strong>identificaci\u00f3n<\/strong> con nuestro proyecto educativo teresiano, cuyo perfil de salida es una alternativa para la <strong>transformaci\u00f3n de la sociedad<\/strong>[\/vc_column_text][vc_empty_space][vc_column_text]<\/p>\n<h4><strong>Nuestro lema:\u00a0<\/strong>\u00a1Conmu\u00e9vete! Commoute! Hunkituzekin!<\/h4>\n<p>[\/vc_column_text][vc_empty_space]\n\n\t<a href=\"https:\/\/memoria.escuelateresiana.com\/2023-24\/proyectos\/\" target=\"_self\" style=\"color: #ffffff;background-color: #45ac34\" class=\"qode-btn qode-btn-medium qode-btn-solid qode-btn-custom-hover-bg qode-btn-custom-hover-color qode-btn-default-hover\" data-hover-bg-color=\"#ffffff\" data-hover-color=\"#45ac34\" >\n\t    <span class=\"qode-btn-text\">LEER M\u00c1S<\/span>\t<\/a>\n\n[\/vc_column_inner][vc_column_inner width=\u00bb1\/2&#8243;][vc_empty_space][vc_single_image image=\u00bb2042&#8243; img_size=\u00bbfull\u00bb qode_css_animation=\u00bb\u00bb][\/vc_column_inner][\/vc_row_inner][vc_empty_space][vc_column_text]<\/p>\n<h3><span style=\"color: #45ac34;\"><a style=\"color: #45ac34;\" href=\"https:\/\/memoria.escuelateresiana.com\/2023-24\/proyectos\/\">Proyectos<\/a><\/span><\/h3>\n<p>[\/vc_column_text][vc_separator type=\u00bbnormal\u00bb color=\u00bb#45ac34&#8243;][vc_empty_space][vc_row_inner row_type=\u00bbrow\u00bb type=\u00bbfull_width\u00bb text_align=\u00bbleft\u00bb css_animation=\u00bb\u00bb][vc_column_inner width=\u00bb1\/3&#8243;][vc_single_image image=\u00bb2030&#8243; img_size=\u00bbfull\u00bb alignment=\u00bbcenter\u00bb qode_css_animation=\u00bb\u00bb][vc_empty_space height=\u00bb20px\u00bb][vc_column_text]<\/p>\n<h4><a href=\"https:\/\/memoria.escuelateresiana.com\/2023-24\/generando-redes\/\">Generando Redes<\/a><\/h4>\n<p>&nbsp;<\/p>\n<p>Generar estructuras de participaci\u00f3n y promover redes y v\u00ednculos son dos aspectos muy importantes en nuestra planificaci\u00f3n estrat\u00e9gica para los pr\u00f3ximos a\u00f1os. Con este deseo e inquietud de fondo, cada a\u00f1o desde la sede de la Fundaci\u00f3n generamos espacios y cuidamos tiempos donde el personal de nuestros centros&#8230;[\/vc_column_text][vc_empty_space height=\u00bb20px\u00bb]\n\n\t<a href=\"https:\/\/memoria.escuelateresiana.com\/2023-24\/generando-redes\/\" target=\"_self\" style=\"color: #ffffff;background-color: #45ac34\" class=\"qode-btn qode-btn-medium qode-btn-solid qode-btn-custom-hover-bg qode-btn-custom-hover-color qode-btn-custom-icon-bg-hover-color qode-btn-icon qode-btn-default-hover\" data-hover-bg-color=\"#ffffff\" data-hover-color=\"#45ac34\" >\n\t    <span class=\"qode-btn-text\">LEER M\u00c1S<\/span><span class=\"qode-button-v2-icon-holder\" style=\"background-color: #45ac34\" data-hover-icon-border-color=\"#45ac34\" data-hover-icon-bg-color=\"#ffffff\"><span aria-hidden=\"true\" class=\"qode_icon_font_elegant arrow_right qode-button-v2-icon-holder-inner\" ><\/span><\/span>\t<\/a>\n\n[vc_empty_space height=\u00bb20px\u00bb][\/vc_column_inner][vc_column_inner width=\u00bb1\/3&#8243;][vc_single_image image=\u00bb2033&#8243; img_size=\u00bbfull\u00bb alignment=\u00bbcenter\u00bb qode_css_animation=\u00bb\u00bb][vc_empty_space height=\u00bb20px\u00bb][vc_column_text]<\/p>\n<h4><a href=\"https:\/\/memoria.escuelateresiana.com\/2023-24\/formacion-de-liderazgo-de-discernimiento-para-equipos-directivos\/\">Formaci\u00f3n de liderazgo de discernimiento para equipos directivos<\/a><\/h4>\n<p>&nbsp;<\/p>\n<p>En el mes de marzo de este curso 2023-2024, comenzamos un programa de formaci\u00f3n en liderazgo institucional para los miembros de los equipos directivos de los centros. Este programa se desarrolla en colaboraci\u00f3n&#8230;[\/vc_column_text][vc_empty_space height=\u00bb20px\u00bb]\n\n\t<a href=\"https:\/\/memoria.escuelateresiana.com\/2023-24\/formacion-de-liderazgo-de-discernimiento-para-equipos-directivos\/\" target=\"_self\" style=\"color: #ffffff;background-color: #45ac34\" class=\"qode-btn qode-btn-medium qode-btn-solid qode-btn-custom-hover-bg qode-btn-custom-hover-color qode-btn-custom-icon-bg-hover-color qode-btn-icon qode-btn-default-hover\" data-hover-bg-color=\"#ffffff\" data-hover-color=\"#45ac34\" >\n\t    <span class=\"qode-btn-text\">LEER M\u00c1S<\/span><span class=\"qode-button-v2-icon-holder\" style=\"background-color: #45ac34\" data-hover-icon-border-color=\"#45ac34\" data-hover-icon-bg-color=\"#ffffff\"><span aria-hidden=\"true\" class=\"qode_icon_font_elegant arrow_right qode-button-v2-icon-holder-inner\" ><\/span><\/span>\t<\/a>\n\n[vc_empty_space height=\u00bb20px\u00bb][\/vc_column_inner][vc_column_inner width=\u00bb1\/3&#8243;][vc_single_image image=\u00bb2035&#8243; img_size=\u00bbfull\u00bb alignment=\u00bbcenter\u00bb qode_css_animation=\u00bb\u00bb][vc_empty_space height=\u00bb20px\u00bb][vc_column_text]<\/p>\n<h4><a href=\"https:\/\/memoria.escuelateresiana.com\/2023-24\/echa-a-volar\/\">Elaienea echa a volar\u2026<\/a><\/h4>\n<p>&nbsp;<\/p>\n<p>En el curso 23-24 se ha hecho realidad el proceso de integraci\u00f3n en el que est\u00e1 inmerso nuestro colegio de San Sebasti\u00e1n junto con otros dos centros de la localidad, Larramendi Ikastexea y Jesuitinas Donostia.Con la integraci\u00f3n en septiembre de 2023 de los cursos de 0 a 3 a\u00f1os en las instalaciones de nuestro centro, en el barrio de Ibaeta&#8230;[\/vc_column_text][vc_empty_space height=\u00bb20px\u00bb]\n\n\t<a href=\"https:\/\/memoria.escuelateresiana.com\/2023-24\/echa-a-volar\/\" target=\"_self\" style=\"color: #ffffff;background-color: #45ac34\" class=\"qode-btn qode-btn-medium qode-btn-solid qode-btn-custom-hover-bg qode-btn-custom-hover-color qode-btn-custom-icon-bg-hover-color qode-btn-icon qode-btn-default-hover\" data-hover-bg-color=\"#ffffff\" data-hover-color=\"#45ac34\" >\n\t    <span class=\"qode-btn-text\">LEER M\u00c1S<\/span><span class=\"qode-button-v2-icon-holder\" style=\"background-color: #45ac34\" data-hover-icon-border-color=\"#45ac34\" data-hover-icon-bg-color=\"#ffffff\"><span aria-hidden=\"true\" class=\"qode_icon_font_elegant arrow_right qode-button-v2-icon-holder-inner\" ><\/span><\/span>\t<\/a>\n\n[vc_empty_space height=\u00bb20px\u00bb][\/vc_column_inner][\/vc_row_inner][vc_row_inner row_type=\u00bbrow\u00bb type=\u00bbfull_width\u00bb text_align=\u00bbleft\u00bb css_animation=\u00bb\u00bb][vc_column_inner][vc_empty_space height=\u00bb50px\u00bb][\/vc_column_inner][\/vc_row_inner][vc_row_inner row_type=\u00bbrow\u00bb type=\u00bbfull_width\u00bb text_align=\u00bbleft\u00bb css_animation=\u00bb\u00bb][vc_column_inner width=\u00bb1\/3&#8243;][vc_single_image image=\u00bb2040&#8243; img_size=\u00bbfull\u00bb alignment=\u00bbcenter\u00bb qode_css_animation=\u00bb\u00bb][vc_empty_space height=\u00bb20px\u00bb][vc_column_text]<\/p>\n<h4><a href=\"https:\/\/memoria.escuelateresiana.com\/2023-24\/encuentros-de-alumnado\/\">Encuentros de alumnado<\/a><\/h4>\n<p>&nbsp;<\/p>\n<p>Si algo nos caracteriza en la escuela teresiana es el deseo de ENCONTRARNOS.<br \/>\nDurante el curso pasado, m\u00e1s de 1.500 alumnos y alumnas desde 5\u00ba de Primaria en adelante, se embarcaron en una serie de encuentros y actividades que resonaron con su lema: \u201cConMu\u00e9vete\u201d.[\/vc_column_text][vc_empty_space height=\u00bb20px\u00bb]\n\n\t<a href=\"https:\/\/memoria.escuelateresiana.com\/2023-24\/encuentros-de-alumnado\/\" target=\"_self\" style=\"color: #ffffff;background-color: #45ac34\" class=\"qode-btn qode-btn-medium qode-btn-solid qode-btn-custom-hover-bg qode-btn-custom-hover-color qode-btn-custom-icon-bg-hover-color qode-btn-icon qode-btn-default-hover\" data-hover-bg-color=\"#ffffff\" data-hover-color=\"#45ac34\" >\n\t    <span class=\"qode-btn-text\">LEER M\u00c1S<\/span><span class=\"qode-button-v2-icon-holder\" style=\"background-color: #45ac34\" data-hover-icon-border-color=\"#45ac34\" data-hover-icon-bg-color=\"#ffffff\"><span aria-hidden=\"true\" class=\"qode_icon_font_elegant arrow_right qode-button-v2-icon-holder-inner\" ><\/span><\/span>\t<\/a>\n\n[vc_empty_space height=\u00bb20px\u00bb][\/vc_column_inner][vc_column_inner width=\u00bb1\/3&#8243;][vc_single_image image=\u00bb2104&#8243; img_size=\u00bbfull\u00bb alignment=\u00bbcenter\u00bb qode_css_animation=\u00bb\u00bb][vc_empty_space height=\u00bb20px\u00bb][vc_column_text]<\/p>\n<h4><a href=\"https:\/\/memoria.escuelateresiana.com\/2023-24\/acompanamiento-de-personas-y-procesos\/\">Acompa\u00f1amiento de personas y procesos<\/a><\/h4>\n<p>&nbsp;<\/p>\n<p>El ACOMPA\u00d1AMIENTO de personas y procesos define una manera de construir nuestra escuela teresiana, un irrenunciable identitario que nos viene dado desde el modo de ser y actuar de Enrique y Teresa. En la identidad teresiana, acompa\u00f1ar es sin\u00f3nimo de ENCUENTRO[\/vc_column_text][vc_empty_space height=\u00bb20px\u00bb]\n\n\t<a href=\"https:\/\/memoria.escuelateresiana.com\/2023-24\/acompanamiento-de-personas-y-procesos\/\" target=\"_self\" style=\"color: #ffffff;background-color: #45ac34\" class=\"qode-btn qode-btn-medium qode-btn-solid qode-btn-custom-hover-bg qode-btn-custom-hover-color qode-btn-custom-icon-bg-hover-color qode-btn-icon qode-btn-default-hover\" data-hover-bg-color=\"#ffffff\" data-hover-color=\"#45ac34\" >\n\t    <span class=\"qode-btn-text\">LEER M\u00c1S<\/span><span class=\"qode-button-v2-icon-holder\" style=\"background-color: #45ac34\" data-hover-icon-border-color=\"#45ac34\" data-hover-icon-bg-color=\"#ffffff\"><span aria-hidden=\"true\" class=\"qode_icon_font_elegant arrow_right qode-button-v2-icon-holder-inner\" ><\/span><\/span>\t<\/a>\n\n[vc_empty_space height=\u00bb20px\u00bb][\/vc_column_inner][vc_column_inner width=\u00bb1\/3&#8243;][vc_single_image image=\u00bb2105&#8243; img_size=\u00bbfull\u00bb alignment=\u00bbcenter\u00bb qode_css_animation=\u00bb\u00bb][vc_empty_space height=\u00bb20px\u00bb][vc_column_text]<\/p>\n<h4><a href=\"https:\/\/memoria.escuelateresiana.com\/2023-24\/iniciacion-a-la-experiencia-creyente\/\">Iniciaci\u00f3n a la experiencia creyente<\/a><\/h4>\n<p>&nbsp;<\/p>\n<p>Durante los \u00faltimos a\u00f1os hemos podido comprobar que la integraci\u00f3n de los educadores nuevos en nuestros centros se ve\u00eda condicionada en gran medida por el perfil de una nueva generaci\u00f3n de personas con unos conocimientos y valores que pueden enriquecer la instituci\u00f3n, pero con poca o nula experiencia creyente. [\/vc_column_text][vc_empty_space height=\u00bb20px\u00bb]\n\n\t<a href=\"https:\/\/memoria.escuelateresiana.com\/2023-24\/iniciacion-a-la-experiencia-creyente\/\" target=\"_self\" style=\"color: #ffffff;background-color: #45ac34\" class=\"qode-btn qode-btn-medium qode-btn-solid qode-btn-custom-hover-bg qode-btn-custom-hover-color qode-btn-custom-icon-bg-hover-color qode-btn-icon qode-btn-default-hover\" data-hover-bg-color=\"#ffffff\" data-hover-color=\"#45ac34\" >\n\t    <span class=\"qode-btn-text\">LEER M\u00c1S<\/span><span class=\"qode-button-v2-icon-holder\" style=\"background-color: #45ac34\" data-hover-icon-border-color=\"#45ac34\" data-hover-icon-bg-color=\"#ffffff\"><span aria-hidden=\"true\" class=\"qode_icon_font_elegant arrow_right qode-button-v2-icon-holder-inner\" ><\/span><\/span>\t<\/a>\n\n[vc_empty_space height=\u00bb20px\u00bb][\/vc_column_inner][\/vc_row_inner][\/vc_column][\/vc_row][vc_row css_animation=\u00bb\u00bb row_type=\u00bbrow\u00bb use_row_as_full_screen_section=\u00bbno\u00bb type=\u00bbfull_width\u00bb angled_section=\u00bbno\u00bb text_align=\u00bbleft\u00bb background_image_as_pattern=\u00bbwithout_pattern\u00bb background_image=\u00bb590&#8243; css=\u00bb.vc_custom_1699976375238{background: #ffffff url(https:\/\/memoria.escuelateresiana.com\/2023-24\/wp-content\/uploads\/2023\/11\/fondook-1024&#215;409-1.jpeg?id=1745) !important;background-position: center !important;background-repeat: no-repeat !important;background-size: contain !important;}\u00bb z_index=\u00bb\u00bb padding_top=\u00bb80&#8243; padding_bottom=\u00bb60&#8243;][vc_column][vc_row_inner row_type=\u00bbrow\u00bb type=\u00bbgrid\u00bb text_align=\u00bbleft\u00bb css_animation=\u00bb\u00bb][vc_column_inner width=\u00bb1\/2&#8243;][vc_empty_space height=\u00bb40px\u00bb][vc_column_text]<\/p>\n<h2 style=\"text-align: left;\"><span style=\"color: #23406a;\">La vida en nuestros colegios<\/span><\/h2>\n<p>[\/vc_column_text][vc_empty_space][vc_column_text]<\/p>\n<p style=\"text-align: left;\">El d\u00eda a d\u00eda de los centros encierra mucho m\u00e1s que las clases. Los acontecimientos relacionados con la historia del colegio, con el entorno, con las familias requieren<b>\u00a0<\/b>mucha\u00a0<b>preparaci\u00f3n y trabajo<\/b>\u00a0que merece ser destacado.<b>\u00a0<\/b>Asimismo, los proyectos que se llevan a cabo reciben en ocasiones\u00a0<b>premios<\/b>\u00a0y reconocimientos que contribuyen a visibilizar la tarea educativa. Todo esto construye la vida de los colegios, un viaje apasionante que es posible gracias al esfuerzo de toda la comunidad educativa.<\/p>\n<p>[\/vc_column_text][vc_empty_space]\n\n\t<a href=\"https:\/\/memoria.escuelateresiana.com\/2023-24\/la-vida-en-nuestros-colegios\/\" target=\"_self\" style=\"color: #ffffff;background-color: #45ac34\" class=\"qode-btn qode-btn-medium qode-btn-solid qode-btn-custom-hover-bg qode-btn-custom-hover-color qode-btn-default-hover\" data-hover-bg-color=\"#ffffff\" data-hover-color=\"#45ac34\" >\n\t    <span class=\"qode-btn-text\">LEER M\u00c1S<\/span>\t<\/a>\n\n[\/vc_column_inner][vc_column_inner width=\u00bb1\/2&#8243;][vc_empty_space height=\u00bb40px\u00bb][vc_single_image image=\u00bb1904&#8243; img_size=\u00bbfull\u00bb alignment=\u00bbcenter\u00bb onclick=\u00bbcustom_link\u00bb img_link_target=\u00bb_blank\u00bb qode_css_animation=\u00bb\u00bb link=\u00bbhttps:\/\/memoria.escuelateresiana.com\/2019-20\/\u00bb css=\u00bb.vc_custom_1729763643088{padding-bottom: 40px !important;}\u00bb][\/vc_column_inner][\/vc_row_inner][vc_row_inner row_type=\u00bbrow\u00bb type=\u00bbfull_width\u00bb text_align=\u00bbleft\u00bb css_animation=\u00bb\u00bb][vc_column_inner][\/vc_column_inner][\/vc_row_inner][\/vc_column][\/vc_row][vc_row css_animation=\u00bb\u00bb row_type=\u00bbrow\u00bb use_row_as_full_screen_section=\u00bbno\u00bb type=\u00bbgrid\u00bb angled_section=\u00bbno\u00bb text_align=\u00bbcenter\u00bb background_image_as_pattern=\u00bbwithout_pattern\u00bb padding_top=\u00bb80&#8243; padding_bottom=\u00bb80&#8243; z_index=\u00bb\u00bb css=\u00bb.vc_custom_1729763721308{margin-top: -1% !important;margin-bottom: -1% !important;background-color: #f4f4f4 !important;background-position: center !important;background-repeat: no-repeat !important;background-size: cover !important;}\u00bb][vc_column offset=\u00bbvc_hidden-lg vc_hidden-md vc_hidden-sm vc_hidden-xs\u00bb][vc_column_text]<\/p>\n<h2><span style=\"color: #23406a;\">El ejercicio en clave econ\u00f3mica<\/span><\/h2>\n<p>[\/vc_column_text][qode_elements_holder number_of_columns=\u00bbone_column\u00bb][qode_elements_holder_item advanced_animations=\u00bbno\u00bb item_padding=\u00bb18px 18% 0 18%\u00bb][vc_column_text]<\/p>\n<h5>La Fundaci\u00f3n Escuela Teresiana, con el fin de poder llevar a cabo el fin para que el que fue creada, pone especial \u00e9nfasis en cuidar y gestionar todos sus bienes. Administramos y gestionamos con el fin de responder al fin para el que ha sido creada y buscar la mejora continua de sus centros y comunidades educativas.<\/h5>\n<p>[\/vc_column_text][\/qode_elements_holder_item][\/qode_elements_holder][vc_empty_space height=\u00bb59px\u00bb][vc_row_inner row_type=\u00bbrow\u00bb type=\u00bbfull_width\u00bb text_align=\u00bbleft\u00bb css_animation=\u00bb\u00bb][vc_column_inner width=\u00bb1\/3&#8243;][vc_column_text]<\/p>\n<h4 style=\"text-align: center; color: #23406a;\">Excedentes vs. inversi\u00f3n<\/h4>\n<p>[\/vc_column_text][vc_single_image image=\u00bb1830&#8243; img_size=\u00bbfull\u00bb alignment=\u00bbcenter\u00bb qode_css_animation=\u00bb\u00bb css=\u00bb.vc_custom_1702394548393{padding-top: 20px !important;}\u00bb][\/vc_column_inner][vc_column_inner width=\u00bb1\/3&#8243;][vc_column_text]<\/p>\n<h4 style=\"text-align: center; color: #23406a;\">Valor econ\u00f3mico creado<\/h4>\n<p>[\/vc_column_text][vc_single_image image=\u00bb1833&#8243; img_size=\u00bbfull\u00bb alignment=\u00bbcenter\u00bb qode_css_animation=\u00bb\u00bb css=\u00bb.vc_custom_1702447972021{padding-top: 20px !important;}\u00bb][\/vc_column_inner][vc_column_inner width=\u00bb1\/3&#8243;][vc_column_text]<\/p>\n<h4 style=\"text-align: center; color: #23406a;\">Valor econ\u00f3mico distribuido<\/h4>\n<p>[\/vc_column_text][vc_single_image image=\u00bb1834&#8243; img_size=\u00bbfull\u00bb alignment=\u00bbcenter\u00bb qode_css_animation=\u00bb\u00bb css=\u00bb.vc_custom_1702447987430{padding-top: 20px !important;}\u00bb][\/vc_column_inner][\/vc_row_inner][\/vc_column][\/vc_row]<\/p>\n","protected":false},"excerpt":{"rendered":"<p>[vc_row css_animation=\u00bb\u00bb row_type=\u00bbrow\u00bb use_row_as_full_screen_section=\u00bbno\u00bb type=\u00bbfull_width\u00bb angled_section=\u00bbno\u00bb text_align=\u00bbleft\u00bb background_image_as_pattern=\u00bbwithout_pattern\u00bb z_index=\u00bb5&#8243;][vc_column css=\u00bb.vc_custom_1730286410065{margin-bottom: -3% !important;}\u00bb offset=\u00bbvc_hidden-sm vc_hidden-xs\u00bb][vc_empty_space height=\u00bb200&#8243;][\/vc_column][\/vc_row][vc_row css_animation=\u00bb\u00bb row_type=\u00bbrow\u00bb use_row_as_full_screen_section=\u00bbno\u00bb type=\u00bbfull_width\u00bb angled_section=\u00bbno\u00bb text_align=\u00bbleft\u00bb background_image_as_pattern=\u00bbwithout_pattern\u00bb z_index=\u00bb5&#8243;][vc_column css=\u00bb.vc_custom_1525095376667{margin-bottom: -3% !important;}\u00bb][rev_slider_vc alias=\u00bbslider-2&#8243;][\/vc_column][\/vc_row][vc_row css_animation=\u00bb\u00bb row_type=\u00bbrow\u00bb use_row_as_full_screen_section=\u00bbno\u00bb type=\u00bbgrid\u00bb angled_section=\u00bbno\u00bb text_align=\u00bbcenter\u00bb background_image_as_pattern=\u00bbwithout_pattern\u00bb padding_top=\u00bb82&#8243; padding_bottom=\u00bb40&#8243; z_index=\u00bb5&#8243; css=\u00bb.vc_custom_1699973713987{background: #ffffff url(https:\/\/memoria.escuelateresiana.com\/2023-24\/wp-content\/uploads\/2023\/11\/fondook-1024&#215;409-1.jpeg?id=1745) !important;background-position: center !important;background-repeat: no-repeat !important;background-size:&#8230;<\/p>\n","protected":false},"author":1,"featured_media":0,"parent":0,"menu_order":0,"comment_status":"closed","ping_status":"closed","template":"full_width.php","meta":{"footnotes":""},"class_list":["post-6","page","type-page","status-publish","hentry"],"_links":{"self":[{"href":"https:\/\/memoria.escuelateresiana.com\/2023-24\/wp-json\/wp\/v2\/pages\/6","targetHints":{"allow":["GET"]}}],"collection":[{"href":"https:\/\/memoria.escuelateresiana.com\/2023-24\/wp-json\/wp\/v2\/pages"}],"about":[{"href":"https:\/\/memoria.escuelateresiana.com\/2023-24\/wp-json\/wp\/v2\/types\/page"}],"author":[{"embeddable":true,"href":"https:\/\/memoria.escuelateresiana.com\/2023-24\/wp-json\/wp\/v2\/users\/1"}],"replies":[{"embeddable":true,"href":"https:\/\/memoria.escuelateresiana.com\/2023-24\/wp-json\/wp\/v2\/comments?post=6"}],"version-history":[{"count":167,"href":"https:\/\/memoria.escuelateresiana.com\/2023-24\/wp-json\/wp\/v2\/pages\/6\/revisions"}],"predecessor-version":[{"id":2124,"href":"https:\/\/memoria.escuelateresiana.com\/2023-24\/wp-json\/wp\/v2\/pages\/6\/revisions\/2124"}],"wp:attachment":[{"href":"https:\/\/memoria.escuelateresiana.com\/2023-24\/wp-json\/wp\/v2\/media?parent=6"}],"curies":[{"name":"wp","href":"https:\/\/api.w.org\/{rel}","templated":true}]}}