{"id":2096,"date":"2024-11-06T12:01:03","date_gmt":"2024-11-06T12:01:03","guid":{"rendered":"https:\/\/memoria.escuelateresiana.com\/2023-24\/?page_id=2096"},"modified":"2024-11-06T12:11:54","modified_gmt":"2024-11-06T12:11:54","slug":"iniciacion-a-la-experiencia-creyente","status":"publish","type":"page","link":"https:\/\/memoria.escuelateresiana.com\/2023-24\/iniciacion-a-la-experiencia-creyente\/","title":{"rendered":"Iniciaci\u00f3n a la experiencia creyente"},"content":{"rendered":"<p>[vc_row css_animation=\u00bb\u00bb row_type=\u00bbrow\u00bb use_row_as_full_screen_section=\u00bbno\u00bb type=\u00bbfull_width\u00bb angled_section=\u00bbno\u00bb text_align=\u00bbleft\u00bb background_image_as_pattern=\u00bbwithout_pattern\u00bb z_index=\u00bb\u00bb][vc_column offset=\u00bbvc_hidden-sm vc_hidden-xs\u00bb][vc_empty_space height=\u00bb200&#8243;][\/vc_column][\/vc_row][vc_row css_animation=\u00bb\u00bb row_type=\u00bbrow\u00bb use_row_as_full_screen_section=\u00bbno\u00bb type=\u00bbfull_width\u00bb angled_section=\u00bbno\u00bb text_align=\u00bbleft\u00bb background_image_as_pattern=\u00bbwithout_pattern\u00bb z_index=\u00bb\u00bb][vc_column][vc_single_image image=\u00bb2097&#8243; img_size=\u00bbfull\u00bb alignment=\u00bbcenter\u00bb qode_css_animation=\u00bb\u00bb][\/vc_column][\/vc_row][vc_row css_animation=\u00bb\u00bb row_type=\u00bbrow\u00bb use_row_as_full_screen_section=\u00bbno\u00bb type=\u00bbgrid\u00bb angled_section=\u00bbno\u00bb text_align=\u00bbleft\u00bb background_image_as_pattern=\u00bbwithout_pattern\u00bb z_index=\u00bb\u00bb][vc_column][vc_empty_space height=\u00bb60&#8243;][vc_column_text]<\/p>\n<h2><strong>Iniciaci\u00f3n a la experiencia creyente<\/strong><\/h2>\n<p>[\/vc_column_text][vc_empty_space][\/vc_column][\/vc_row][vc_row css_animation=\u00bb\u00bb row_type=\u00bbrow\u00bb use_row_as_full_screen_section=\u00bbno\u00bb type=\u00bbgrid\u00bb angled_section=\u00bbno\u00bb text_align=\u00bbleft\u00bb background_image_as_pattern=\u00bbwithout_pattern\u00bb z_index=\u00bb\u00bb padding_bottom=\u00bb60&#8243;][vc_column][vc_column_text]<\/p>\n<p style=\"text-align: left;\">Durante los \u00faltimos a\u00f1os hemos podido comprobar que la integraci\u00f3n de los educadores nuevos en nuestros centros se ve\u00eda condicionada en gran medida por el perfil de una nueva generaci\u00f3n de personas con unos conocimientos y valores que pueden enriquecer la instituci\u00f3n, pero con poca o nula experiencia creyente. En este contexto de \u201cPrimer Anuncio\u201d en el que estamos inmersos, y si queremos asegurar la continuidad de nuestra identidad como centros cat\u00f3licos y teresianos, consideramos imprescindible poner al servicio de estas personas todo lo necesario para posibilitar tanto el conocimiento como la apertura a una experiencia espiritual, de interioridad, de sentido de trascendencia y en \u00faltimo caso, y el m\u00e1s importante, una experiencia de Dios, que ellos tienen y tendr\u00e1n que transmitir al alumnado de nuestra escuela.<\/p>\n<p>&nbsp;<\/p>\n<p style=\"text-align: left;\">Siendo conscientes de que esta experiencia de Dios es un regalo, un don que recibimos y que no se puede forzar, y ante la dificultad que estamos encontrando para buscar, no solo talento sino tambi\u00e9n este perfil de persona, sentimos el compromiso de ser nosotros los facilitadores de esta posibilidad de conocer y experimentar la acci\u00f3n de Dios en cada uno de ellos.<\/p>\n<p>&nbsp;<\/p>\n<p style=\"text-align: left;\">Por ello, hemos dise\u00f1ado un segundo encuentro para los participantes de Iniciaci\u00f3n 2, que se centra espec\u00edficamente en el Plan de Interioridad de la Fundaci\u00f3n, tanto en el Cuarto de Hora como en el Programa MirarTe, no tanto desde un marco te\u00f3rico, sino posibilitando unos d\u00edas de reflexi\u00f3n, experiencia y apertura, desde el conocimiento propio y el conocimiento del modo de Jes\u00fas, que debe impregnar nuestra acci\u00f3n educativa para poder discernir tambi\u00e9n si la escuela teresiana es el lugar donde sienten y quieren desarrollar su vocaci\u00f3n educadora.<\/p>\n<p style=\"text-align: left;\">Contamos con la colaboraci\u00f3n de Francisco Javier Zazpe, Agusti Panella y M\u00aa Jos\u00e9 Hidalgo, que aceptaron la misi\u00f3n de acompa\u00f1ar al grupo y facilitar los contenidos y experiencias que buscamos. No podemos negar que sentimos bastante v\u00e9rtigo ante este reto por lo que supone de \u201csacar\u201d a estas personas de su zona de confort y abrirles a una experiencia que quiz\u00e1 no hab\u00edan vivido anteriormente. Pero, una vez evaluada tanto por los facilitadores como por los participantes, consideramos que se produjeron las condiciones, los espacios y los tiempos de reflexi\u00f3n, de discernimiento y de encuentro con Dios que pretend\u00edamos. La apertura de cada uno de ellos a la acci\u00f3n del Esp\u00edritu fue diferente en profundidad, pero estamos seguros de que todos volvieron tocados en el coraz\u00f3n de alg\u00fan modo, y que este encuentro abri\u00f3 una puerta que esperamos se mantenga abierta en el tiempo y siga iluminando su acci\u00f3n educativa poniendo a Dios en el centro.<\/p>\n<p>[\/vc_column_text][vc_empty_space][\/vc_column][\/vc_row]<\/p>\n","protected":false},"excerpt":{"rendered":"<p>[vc_row css_animation=\u00bb\u00bb row_type=\u00bbrow\u00bb use_row_as_full_screen_section=\u00bbno\u00bb type=\u00bbfull_width\u00bb angled_section=\u00bbno\u00bb text_align=\u00bbleft\u00bb background_image_as_pattern=\u00bbwithout_pattern\u00bb z_index=\u00bb\u00bb][vc_column offset=\u00bbvc_hidden-sm vc_hidden-xs\u00bb][vc_empty_space height=\u00bb200&#8243;][\/vc_column][\/vc_row][vc_row css_animation=\u00bb\u00bb row_type=\u00bbrow\u00bb use_row_as_full_screen_section=\u00bbno\u00bb type=\u00bbfull_width\u00bb angled_section=\u00bbno\u00bb text_align=\u00bbleft\u00bb background_image_as_pattern=\u00bbwithout_pattern\u00bb z_index=\u00bb\u00bb][vc_column][vc_single_image image=\u00bb2097&#8243; img_size=\u00bbfull\u00bb alignment=\u00bbcenter\u00bb qode_css_animation=\u00bb\u00bb][\/vc_column][\/vc_row][vc_row css_animation=\u00bb\u00bb row_type=\u00bbrow\u00bb use_row_as_full_screen_section=\u00bbno\u00bb type=\u00bbgrid\u00bb angled_section=\u00bbno\u00bb text_align=\u00bbleft\u00bb background_image_as_pattern=\u00bbwithout_pattern\u00bb z_index=\u00bb\u00bb][vc_column][vc_empty_space height=\u00bb60&#8243;][vc_column_text] Iniciaci\u00f3n a la experiencia creyente [\/vc_column_text][vc_empty_space][\/vc_column][\/vc_row][vc_row css_animation=\u00bb\u00bb row_type=\u00bbrow\u00bb use_row_as_full_screen_section=\u00bbno\u00bb type=\u00bbgrid\u00bb angled_section=\u00bbno\u00bb text_align=\u00bbleft\u00bb&#8230;<\/p>\n","protected":false},"author":1,"featured_media":0,"parent":0,"menu_order":0,"comment_status":"closed","ping_status":"closed","template":"full_width.php","meta":{"footnotes":""},"class_list":["post-2096","page","type-page","status-publish","hentry"],"_links":{"self":[{"href":"https:\/\/memoria.escuelateresiana.com\/2023-24\/wp-json\/wp\/v2\/pages\/2096","targetHints":{"allow":["GET"]}}],"collection":[{"href":"https:\/\/memoria.escuelateresiana.com\/2023-24\/wp-json\/wp\/v2\/pages"}],"about":[{"href":"https:\/\/memoria.escuelateresiana.com\/2023-24\/wp-json\/wp\/v2\/types\/page"}],"author":[{"embeddable":true,"href":"https:\/\/memoria.escuelateresiana.com\/2023-24\/wp-json\/wp\/v2\/users\/1"}],"replies":[{"embeddable":true,"href":"https:\/\/memoria.escuelateresiana.com\/2023-24\/wp-json\/wp\/v2\/comments?post=2096"}],"version-history":[{"count":3,"href":"https:\/\/memoria.escuelateresiana.com\/2023-24\/wp-json\/wp\/v2\/pages\/2096\/revisions"}],"predecessor-version":[{"id":2103,"href":"https:\/\/memoria.escuelateresiana.com\/2023-24\/wp-json\/wp\/v2\/pages\/2096\/revisions\/2103"}],"wp:attachment":[{"href":"https:\/\/memoria.escuelateresiana.com\/2023-24\/wp-json\/wp\/v2\/media?parent=2096"}],"curies":[{"name":"wp","href":"https:\/\/api.w.org\/{rel}","templated":true}]}}