{"id":1655,"date":"2023-11-06T10:14:03","date_gmt":"2023-11-06T10:14:03","guid":{"rendered":"https:\/\/escuelateresiana.com\/colegios\/memoria\/?page_id=1655"},"modified":"2024-11-07T13:06:17","modified_gmt":"2024-11-07T13:06:17","slug":"encuentros-de-alumnado","status":"publish","type":"page","link":"https:\/\/memoria.escuelateresiana.com\/2023-24\/encuentros-de-alumnado\/","title":{"rendered":"ENCUENTROS DE ALUMNADO"},"content":{"rendered":"<p>[vc_row css_animation=\u00bb\u00bb row_type=\u00bbrow\u00bb use_row_as_full_screen_section=\u00bbno\u00bb type=\u00bbfull_width\u00bb angled_section=\u00bbno\u00bb text_align=\u00bbleft\u00bb background_image_as_pattern=\u00bbwithout_pattern\u00bb][vc_column offset=\u00bbvc_hidden-sm vc_hidden-xs\u00bb][vc_empty_space height=\u00bb200&#8243;][\/vc_column][\/vc_row][vc_row css_animation=\u00bb\u00bb row_type=\u00bbrow\u00bb use_row_as_full_screen_section=\u00bbno\u00bb type=\u00bbfull_width\u00bb angled_section=\u00bbno\u00bb text_align=\u00bbleft\u00bb background_image_as_pattern=\u00bbwithout_pattern\u00bb][vc_column][vc_single_image image=\u00bb2014&#8243; img_size=\u00bbfull\u00bb alignment=\u00bbcenter\u00bb qode_css_animation=\u00bb\u00bb][\/vc_column][\/vc_row][vc_row css_animation=\u00bb\u00bb row_type=\u00bbrow\u00bb use_row_as_full_screen_section=\u00bbno\u00bb type=\u00bbgrid\u00bb angled_section=\u00bbno\u00bb text_align=\u00bbleft\u00bb background_image_as_pattern=\u00bbwithout_pattern\u00bb z_index=\u00bb\u00bb][vc_column][vc_empty_space height=\u00bb60&#8243;][vc_column_text]<\/p>\n<h2><span style=\"color: #23406a;\">ENCUENTROS DE ALUMNADO:<br \/>\nuna experiencia de conexi\u00f3n y transformaci\u00f3n<\/span><\/h2>\n<p>[\/vc_column_text][\/vc_column][\/vc_row][vc_row css_animation=\u00bb\u00bb row_type=\u00bbrow\u00bb use_row_as_full_screen_section=\u00bbno\u00bb type=\u00bbgrid\u00bb angled_section=\u00bbno\u00bb text_align=\u00bbleft\u00bb background_image_as_pattern=\u00bbwithout_pattern\u00bb z_index=\u00bb\u00bb][vc_column][vc_row_inner row_type=\u00bbrow\u00bb type=\u00bbfull_width\u00bb text_align=\u00bbleft\u00bb css_animation=\u00bb\u00bb][vc_column_inner][vc_empty_space]<div class=\"qode-simple-quote-holder \">\n\t<div class=\"qode-simple-quote-triangle-shadow\">\n\t\t\n\t<\/div>\n\t<div class=\"qode-simple-quote-triangle\" >\n\t\t\n\t<\/div>\n\t<div class=\"qode-simple-quote-holder-inner\" >\n\t\t<div class=\"qode-simple-quote-icon-holder\"  style=\"fill: #45ac34\">\n\t\t\t<svg x=\"0px\" y=\"0px\" width=\"118px\" height=\"97px\" viewBox=\"0 0 118 97\" enable-background=\"new 0 0 118 97\" xml:space=\"preserve\">\n\t\t\t\t<g>\n\t\t\t\t\t<path d=\"M31.1,73.998c5.688-7.111,8.535-14.316,8.535-21.617c0-3.09-0.371-5.751-1.113-7.978c-4.332,3.34-9.031,5.009-14.102,5.009\n\t\t\t\t\t\tc-6.929,0-12.71-2.194-17.349-6.586c-4.639-4.389-6.958-10.298-6.958-17.72c0-6.926,2.348-12.71,7.051-17.349\n\t\t\t\t\t\tc4.7-4.639,10.452-6.958,17.256-6.958c9.77,0,17.256,4.021,22.451,12.061c4.329,6.68,6.494,15.029,6.494,25.049\n\t\t\t\t\t\tc0,12.742-3.247,24.154-9.741,34.234C37.13,82.227,27.325,90.357,14.215,96.541l-3.525-6.865\n\t\t\t\t\t\tC18.604,86.336,25.409,81.113,31.1,73.998z M95.67,73.998c5.688-7.111,8.535-14.316,8.535-21.617c0-3.09-0.371-5.751-1.113-7.978\n\t\t\t\t\t\tc-4.206,3.34-8.906,5.009-14.102,5.009c-6.804,0-12.556-2.194-17.256-6.586c-4.702-4.389-7.051-10.298-7.051-17.72\n\t\t\t\t\t\tc0-4.575,1.113-8.721,3.34-12.432s5.195-6.616,8.906-8.721c3.711-2.102,7.729-3.154,12.061-3.154\n\t\t\t\t\t\tc9.771,0,17.256,4.021,22.451,12.061c4.329,6.68,6.494,15.029,6.494,25.049c0,12.742-3.247,24.154-9.741,34.234\n\t\t\t\t\t\tC101.7,82.227,91.896,90.357,78.785,96.541l-3.525-6.865C83.175,86.336,89.979,81.113,95.67,73.998z\"\/>\n\t\t\t\t<\/g>\n\t\t\t<\/svg>\n\t\t<\/div>\n\t\t<div class=\"qode-simple-quote-content-holder\">\n\t\t\t<div class=\"qode-simple-quote-content-holder-inner\">\n\t\t\t\t<div class=\"qode-simple-quote-text-holder\" >\n\t\t\t\t\t<h5 class=\"qode-simple-quote-text-title\"> \u201cEducamos para capacitarnos para vivir la vida en relaci\u00f3n con los dem\u00e1s y con la realidad, abiertos a la trascendencia y a la relaci\u00f3n con Dios-Amigo.\u201d.  <\/h5>\n\t\t\t\t<\/div>\n\t\t\t\t<div class=\"qode-simple-quote-author-holder\">\n\t\t\t\t\t<p class=\"qode-simple-quote-author-title\"> Educamos personas en relaci\u00f3n. PEI. p23.  <\/p>\n\t\t\t\t<\/div>\n\t\t\t<\/div>\n\t\t<\/div>\n\t<\/div>\n<\/div>[vc_empty_space][\/vc_column_inner][\/vc_row_inner][vc_row_inner row_type=\u00bbrow\u00bb type=\u00bbfull_width\u00bb text_align=\u00bbleft\u00bb css_animation=\u00bb\u00bb][vc_column_inner][vc_column_text]Si algo nos caracteriza en la escuela teresiana es el deseo de ENCONTRARNOS. Durante el curso pasado, m\u00e1s de 1.500 alumnos y alumnas desde 5\u00ba de Primaria en adelante, se embarcaron en una serie de encuentros y actividades que resonaron con su lema: <strong>\u201cConMu\u00e9vete\u201d<\/strong>.<\/p>\n<p>&nbsp;<\/p>\n<p>Esta iniciativa, promovida por la plataforma de pastoral juvenil en la que colaboramos junto a\u00a0 Pastoral Juvenil Vocacional Teresiana, MTA de Espa\u00f1a y Portugal y FundEO, invit\u00f3 a los j\u00f3venes a movilizarse no s\u00f3lo f\u00edsicamente, sino tambi\u00e9n desde el coraz\u00f3n, comprometi\u00e9ndose con la realidad.<\/p>\n<p>&nbsp;<\/p>\n<p>Los encuentros abarcaron diversas formas: convivencias, peregrinaciones y voluntariados, cada uno con el prop\u00f3sito de reforzar valores como la amistad, la espiritualidad y el compromiso con la realidad.<\/p>\n<p>&nbsp;<\/p>\n<ul>\n<li>ENCUENTROS DE J\u00d3VENES<\/li>\n<\/ul>\n<p>Uno de los ejes principales de las actividades del curso fueron los encuentros entre los alumnos, especialmente dise\u00f1ados para que los j\u00f3venes compartieran vivencias, profundizaran en su relaci\u00f3n con Dios y forjaran lazos de amistad. Estos encuentros, repartidos en distintas etapas educativas, se llevaron a cabo en lugares de gran relevancia espiritual y simb\u00f3lica.<\/p>\n<p>&nbsp;<\/p>\n<p><strong>\u201cConmigo, Amigo, conmu\u00e9vete\u201d<\/strong>: el alumnado de 5\u00ba de Primaria tuvo la oportunidad de participar en el encuentro de Amigos de Jes\u00fas, celebrado en dos sedes: \u00c1vila y Tortosa. Bajo el lema \u201cConmigo, Amigo, conmu\u00e9vete\u201d, los ni\u00f1os y ni\u00f1as a trav\u00e9s de propuestas como el Cuarto de Hora, din\u00e1micas grupales, juegos, m\u00fasica y baile, pudieron celebrar y compartir experiencias con compa\u00f1eros de otros colegios, fortaleciendo el sentido de red y comunidad que nos caracteriza profundizando en la amistad con Jes\u00fas y en c\u00f3mo esa relaci\u00f3n puede movilizarnos a ser agentes de cambio en nuestro entorno.<\/p>\n<p>&nbsp;<\/p>\n<p><strong>\u201cConMOVI2\u201d<\/strong>: el alumnado de 1\u00ba y 2\u00ba de la ESO tuvo su propio espacio de encuentro en \u00c1vila bajo el lema \u201cConMOVI2\u201d. Este encuentro fue una invitaci\u00f3n a moverse desde el encuentro con Dios hacia la acci\u00f3n. Los adolescentes participaron en diversas actividades que les permitieron reflexionar sobre su papel en el mundo y c\u00f3mo contribuir a un entorno m\u00e1s justo y solidario. El encuentro incluy\u00f3 talleres, momentos de oraci\u00f3n, y din\u00e1micas grupales que favorecieron la creaci\u00f3n de lazos entre los participantes, as\u00ed como una visita a los lugares teresianos reforzando su identidad teresiana.<\/p>\n<p>&nbsp;<\/p>\n<p><strong>\u201cMu\u00e9vete con\u2026\u201d<\/strong>: los estudiantes de 3\u00ba y 4\u00ba de la ESO se unieron en Los Molinos (Madrid) para el encuentro promovido por el MTA bajo el lema \u201cMu\u00e9vete con\u2026\u201d. A trav\u00e9s de actividades al aire libre, momentos de oraci\u00f3n y reflexi\u00f3n en grupo, los estudiantes fueron motivados a descubrir c\u00f3mo pueden ser l\u00edderes de cambio en sus comunidades y el mundo, inspirados por los valores teresianos.<\/p>\n<p>&nbsp;<\/p>\n<ul>\n<li><strong>PEREGRINACIONES<\/strong><\/li>\n<\/ul>\n<p>Algunos de los colegios tambi\u00e9n participaron en la tradicional peregrinaci\u00f3n a Javier uni\u00e9ndose a la comunidad educativa del colegio de Pamplona. La caminata hacia el castillo, que combina momentos de oraci\u00f3n y encuentro con otros, hace de esta peregrinaci\u00f3n una experiencia profunda de comunidad.<\/p>\n<p>Otro grupo de alumnos opt\u00f3 por vivir una experiencia \u00fanica realizando el Camino de Santiago en verano, uni\u00e9ndose a otros tantos peregrinos que cada a\u00f1o parten de diferentes partes del mundo. Esta peregrinaci\u00f3n, desde Roncesvalles hasta Viana, no solo fue un reto f\u00edsico, sino tambi\u00e9n una oportunidad de crecimiento personal y espiritual, compartiendo camino con otros.<\/p>\n<p>&nbsp;<\/p>\n<ul>\n<li><strong>EXPERIENCIAS DE VOLUNTARIADO<\/strong><\/li>\n<\/ul>\n<p>El compromiso social se puso de manifiesto en las experiencias de voluntariado. Durante el verano, un grupo de alumnas se uni\u00f3 al voluntariado de El Esclat, en Barcelona, donde tuvieron la oportunidad de acercarse a situaciones de vulnerabilidad a trav\u00e9s de un voluntariado de apoyo escolar. Las j\u00f3venes comprendieron la importancia de salir de su zona de confort, comprometerse con los dem\u00e1s y actuar con valent\u00eda para generar un impacto positivo en el mundo.<\/p>\n<p>&nbsp;<\/p>\n<p>La experiencia de hacer vida el lema de este curso \u201cConMu\u00e9vete\u201d, fue mucho m\u00e1s que una serie de actividades, fue una invitaci\u00f3n a la transformaci\u00f3n personal y comunitaria, a trav\u00e9s de la acci\u00f3n y el encuentro con otros.[\/vc_column_text][\/vc_column_inner][\/vc_row_inner][\/vc_column][\/vc_row][vc_row css_animation=\u00bb\u00bb row_type=\u00bbrow\u00bb use_row_as_full_screen_section=\u00bbno\u00bb type=\u00bbfull_width\u00bb angled_section=\u00bbno\u00bb text_align=\u00bbleft\u00bb background_image_as_pattern=\u00bbwithout_pattern\u00bb][vc_column][vc_empty_space height=\u00bb60&#8243;][vc_gallery type=\u00bbimage_grid\u00bb images=\u00bb2009,2118&#8243; img_size=\u00bbfull\u00bb column_number=\u00bb2&#8243; grayscale=\u00bbno\u00bb images_space=\u00bbgallery_without_space\u00bb][\/vc_column][\/vc_row]<\/p>\n","protected":false},"excerpt":{"rendered":"<p>[vc_row css_animation=\u00bb\u00bb row_type=\u00bbrow\u00bb use_row_as_full_screen_section=\u00bbno\u00bb type=\u00bbfull_width\u00bb angled_section=\u00bbno\u00bb text_align=\u00bbleft\u00bb background_image_as_pattern=\u00bbwithout_pattern\u00bb][vc_column offset=\u00bbvc_hidden-sm vc_hidden-xs\u00bb][vc_empty_space height=\u00bb200&#8243;][\/vc_column][\/vc_row][vc_row css_animation=\u00bb\u00bb row_type=\u00bbrow\u00bb use_row_as_full_screen_section=\u00bbno\u00bb type=\u00bbfull_width\u00bb angled_section=\u00bbno\u00bb text_align=\u00bbleft\u00bb background_image_as_pattern=\u00bbwithout_pattern\u00bb][vc_column][vc_single_image image=\u00bb2014&#8243; img_size=\u00bbfull\u00bb alignment=\u00bbcenter\u00bb qode_css_animation=\u00bb\u00bb][\/vc_column][\/vc_row][vc_row css_animation=\u00bb\u00bb row_type=\u00bbrow\u00bb use_row_as_full_screen_section=\u00bbno\u00bb type=\u00bbgrid\u00bb angled_section=\u00bbno\u00bb text_align=\u00bbleft\u00bb background_image_as_pattern=\u00bbwithout_pattern\u00bb z_index=\u00bb\u00bb][vc_column][vc_empty_space height=\u00bb60&#8243;][vc_column_text] ENCUENTROS DE ALUMNADO: una experiencia de conexi\u00f3n y transformaci\u00f3n [\/vc_column_text][\/vc_column][\/vc_row][vc_row css_animation=\u00bb\u00bb row_type=\u00bbrow\u00bb use_row_as_full_screen_section=\u00bbno\u00bb type=\u00bbgrid\u00bb&#8230;<\/p>\n","protected":false},"author":1,"featured_media":0,"parent":0,"menu_order":0,"comment_status":"closed","ping_status":"closed","template":"full_width.php","meta":{"footnotes":""},"class_list":["post-1655","page","type-page","status-publish","hentry"],"_links":{"self":[{"href":"https:\/\/memoria.escuelateresiana.com\/2023-24\/wp-json\/wp\/v2\/pages\/1655","targetHints":{"allow":["GET"]}}],"collection":[{"href":"https:\/\/memoria.escuelateresiana.com\/2023-24\/wp-json\/wp\/v2\/pages"}],"about":[{"href":"https:\/\/memoria.escuelateresiana.com\/2023-24\/wp-json\/wp\/v2\/types\/page"}],"author":[{"embeddable":true,"href":"https:\/\/memoria.escuelateresiana.com\/2023-24\/wp-json\/wp\/v2\/users\/1"}],"replies":[{"embeddable":true,"href":"https:\/\/memoria.escuelateresiana.com\/2023-24\/wp-json\/wp\/v2\/comments?post=1655"}],"version-history":[{"count":20,"href":"https:\/\/memoria.escuelateresiana.com\/2023-24\/wp-json\/wp\/v2\/pages\/1655\/revisions"}],"predecessor-version":[{"id":2119,"href":"https:\/\/memoria.escuelateresiana.com\/2023-24\/wp-json\/wp\/v2\/pages\/1655\/revisions\/2119"}],"wp:attachment":[{"href":"https:\/\/memoria.escuelateresiana.com\/2023-24\/wp-json\/wp\/v2\/media?parent=1655"}],"curies":[{"name":"wp","href":"https:\/\/api.w.org\/{rel}","templated":true}]}}